{"id":77,"date":"2023-03-22T11:15:49","date_gmt":"2023-03-22T11:15:49","guid":{"rendered":"https:\/\/cashlogyalicante.com\/?page_id=77"},"modified":"2024-01-16T11:23:49","modified_gmt":"2024-01-16T11:23:49","slug":"safe","status":"publish","type":"page","link":"https:\/\/cashlogyalicante.com\/?page_id=77","title":{"rendered":"Safe"},"content":{"rendered":"\n<div class=\"wp-block-media-text alignwide is-stacked-on-mobile is-vertically-aligned-center\"><figure class=\"wp-block-media-text__media\"><img decoding=\"async\" loading=\"lazy\" width=\"688\" height=\"476\" src=\"http:\/\/cashlogyalicante.com\/wp-content\/uploads\/2023\/03\/Cashlogy-Safe-1.gif\" alt=\"\" class=\"wp-image-446 size-full\"\/><\/figure><div class=\"wp-block-media-text__content\">\n<h2 class=\"has-luminous-vivid-amber-color has-text-color\">Cashlogy Safe<\/h2>\n\n\n\n<hr class=\"wp-block-separator has-alpha-channel-opacity\"\/>\n\n\n\n<p>Cashlogy es una soluci\u00f3n automatizada de control de efectivo dise\u00f1ada para aquellos comercios que buscan mayor seguridad en su punto de venta.<\/p>\n<\/div><\/div>\n\n\n\n<div class=\"wp-block-media-text alignwide has-media-on-the-right is-stacked-on-mobile\"><div class=\"wp-block-media-text__content\">\n<h2 class=\"has-luminous-vivid-amber-color has-text-color\">\u00bfPor qu\u00e9 Cashlogy Safe?<\/h2>\n\n\n\n<hr class=\"wp-block-separator has-alpha-channel-opacity\"\/>\n\n\n\n<p>Cashlogy Safe es una soluci\u00f3n automatizada de control de efectivo que brinda tranquilidad a los propietarios de negocios, al reducir el riesgo de hurtos internos y fraude con billetes y monedas. Adem\u00e1s, esta soluci\u00f3n ayuda a minimizar el tiempo necesario para gestionar el efectivo, gracias a que garantiza cuadres de caja m\u00e1s r\u00e1pidos y precisos. Con una caja fuerte incorporada, permite tambi\u00e9n el almacenamiento seguro del dinero, disminuyendo la necesidad de realizar visitas al banco.<\/p>\n<\/div><figure class=\"wp-block-media-text__media\"><img decoding=\"async\" loading=\"lazy\" width=\"688\" height=\"476\" src=\"https:\/\/cashlogyalicante.com\/wp-content\/uploads\/2023\/03\/Cashlogy-Safe-2.gif\" alt=\"\" class=\"wp-image-447 size-full\"\/><\/figure><\/div>\n\n\n\n<hr class=\"wp-block-separator has-alpha-channel-opacity\"\/>\n\n\n\n<h2 class=\"has-text-align-center has-luminous-vivid-amber-color has-text-color\">Descripci\u00f3n t\u00e9cnica<\/h2>\n\n\n\n<hr class=\"wp-block-separator has-alpha-channel-opacity\"\/>\n\n\n\n<div class=\"is-layout-flex wp-container-3 wp-block-columns\">\n<div class=\"is-layout-flow wp-block-column\">\n<figure class=\"wp-block-image size-full\"><img decoding=\"async\" loading=\"lazy\" width=\"554\" height=\"526\" src=\"https:\/\/cashlogyalicante.com\/wp-content\/uploads\/2023\/03\/Safe-E-PAY-FRONTAL-puerta-abierta_ok-2.png\" alt=\"\" class=\"wp-image-473\" srcset=\"https:\/\/cashlogyalicante.com\/wp-content\/uploads\/2023\/03\/Safe-E-PAY-FRONTAL-puerta-abierta_ok-2.png 554w, https:\/\/cashlogyalicante.com\/wp-content\/uploads\/2023\/03\/Safe-E-PAY-FRONTAL-puerta-abierta_ok-2-300x285.png 300w\" sizes=\"(max-width: 554px) 100vw, 554px\" \/><\/figure>\n<\/div>\n\n\n\n<div class=\"is-layout-flow wp-block-column\">\n<figure class=\"wp-block-image size-full\"><img decoding=\"async\" loading=\"lazy\" width=\"528\" height=\"470\" src=\"https:\/\/cashlogyalicante.com\/wp-content\/uploads\/2023\/03\/img-1-2.png\" alt=\"\" class=\"wp-image-474\" srcset=\"https:\/\/cashlogyalicante.com\/wp-content\/uploads\/2023\/03\/img-1-2.png 528w, https:\/\/cashlogyalicante.com\/wp-content\/uploads\/2023\/03\/img-1-2-300x267.png 300w\" sizes=\"(max-width: 528px) 100vw, 528px\" \/><\/figure>\n<\/div>\n<\/div>\n\n\n\n<hr class=\"wp-block-separator has-text-color has-luminous-vivid-amber-color has-alpha-channel-opacity has-luminous-vivid-amber-background-color has-background\"\/>\n\n\n\n<div class=\"is-layout-flex wp-container-6 wp-block-columns\">\n<div class=\"is-layout-flow wp-block-column is-vertically-aligned-top\">\n<p class=\"has-white-color has-text-color has-medium-font-size\"><strong>\u00c1rea de reciclado<\/strong><\/p>\n\n\n\n<p class=\"has-luminous-vivid-amber-color has-text-color\" style=\"font-size:15px\"><strong>Seguridad est\u00e1ndar<\/strong><\/p>\n\n\n\n<figure class=\"wp-block-table\" style=\"font-size:12px\"><table><tbody><tr><td>Reciclado<\/td><td>Billetes<\/td><td>Monedas<\/td><\/tr><tr><td>Aceptaci\u00f3n<\/td><td>Unitaria<\/td><td>80 monedas<\/td><\/tr><tr><td>Validaci\u00f3n<\/td><td>Todos<\/td><td>Todas<\/td><\/tr><tr><td>Capacidad<\/td><td>Recicladoras hasta 3&#215;50 billetes Stacker hasta 500 billetes<\/td><td>1.785 monedas<\/td><\/tr><tr><td>Velocidad validaci\u00f3n<\/td><td>1 billete\/seg<\/td><td>3.5 monedas\/seg<\/td><\/tr><tr><td>Velocidad devoluci\u00f3n<\/td><td>1 billete\/seg<\/td><td>Hasta 30 monedas \/seg<\/td><\/tr><\/tbody><\/table><\/figure>\n<\/div>\n\n\n\n<div class=\"is-layout-flow wp-block-column is-vertically-aligned-top\">\n<p class=\"has-white-color has-text-color has-medium-font-size\"><strong>Deposito de seguridad<\/strong><\/p>\n\n\n\n<p class=\"has-luminous-vivid-amber-color has-text-color\" style=\"font-size:15px\"><strong>Caja fuerte<\/strong><\/p>\n\n\n\n<figure class=\"wp-block-table\" style=\"font-size:12px\"><table><tbody><tr><td>Especificaciones <\/td><td><\/td><\/tr><tr><td>Almacenamiento<\/td><td>Caja fuerte tipo UL (12mm de espesor)<\/td><\/tr><tr><td>Capacidad<\/td><td>5.000 billetes en bolsa canvas<\/td><\/tr><tr><td>Apertura caja fuerte<\/td><td>Controlado por software (Cashlogy Connector)<\/td><\/tr><tr><td>Cierra caja fuerte<\/td><td>Cerradura electr\u00f3nica de seguridad<\/td><\/tr><tr><td>Espacios libres<\/td><td>2 espacios libre para uso del propietario incluyendo un caj\u00f3n cerrado con llave<\/td><\/tr><\/tbody><\/table><\/figure>\n<\/div>\n<\/div>\n\n\n\n<center> <input type=\"button\" onclick=\"location.href='http:\/\/cashlogyalicante.com\/wp-content\/uploads\/2024\/01\/Ficha-Cashlogy-Safe_ES.pdf';\" value=\"Descargar ficha t\u00e9cnica\" \/>\n <\/center>\n","protected":false},"excerpt":{"rendered":"<p>Descripci\u00f3n t\u00e9cnica \u00c1rea de reciclado Seguridad est\u00e1ndar Reciclado Billetes Monedas Aceptaci\u00f3n Unitaria 80 monedas Validaci\u00f3n Todos Todas Capacidad Recicladoras hasta 3&#215;50 billetes Stacker hasta 500 billetes 1.785 monedas Velocidad validaci\u00f3n 1 billete\/seg 3.5 monedas\/seg Velocidad devoluci\u00f3n 1 billete\/seg Hasta 30 monedas \/seg Deposito de seguridad Caja fuerte Especificaciones Almacenamiento Caja fuerte tipo UL (12mm de [&hellip;]<\/p>\n","protected":false},"author":1,"featured_media":0,"parent":0,"menu_order":0,"comment_status":"closed","ping_status":"closed","template":"","meta":[],"_links":{"self":[{"href":"https:\/\/cashlogyalicante.com\/index.php?rest_route=\/wp\/v2\/pages\/77"}],"collection":[{"href":"https:\/\/cashlogyalicante.com\/index.php?rest_route=\/wp\/v2\/pages"}],"about":[{"href":"https:\/\/cashlogyalicante.com\/index.php?rest_route=\/wp\/v2\/types\/page"}],"author":[{"embeddable":true,"href":"https:\/\/cashlogyalicante.com\/index.php?rest_route=\/wp\/v2\/users\/1"}],"replies":[{"embeddable":true,"href":"https:\/\/cashlogyalicante.com\/index.php?rest_route=%2Fwp%2Fv2%2Fcomments&post=77"}],"version-history":[{"count":24,"href":"https:\/\/cashlogyalicante.com\/index.php?rest_route=\/wp\/v2\/pages\/77\/revisions"}],"predecessor-version":[{"id":969,"href":"https:\/\/cashlogyalicante.com\/index.php?rest_route=\/wp\/v2\/pages\/77\/revisions\/969"}],"wp:attachment":[{"href":"https:\/\/cashlogyalicante.com\/index.php?rest_route=%2Fwp%2Fv2%2Fmedia&parent=77"}],"curies":[{"name":"wp","href":"https:\/\/api.w.org\/{rel}","templated":true}]}}