{"id":71,"date":"2023-03-22T11:14:42","date_gmt":"2023-03-22T11:14:42","guid":{"rendered":"https:\/\/cashlogyalicante.com\/?page_id=71"},"modified":"2023-04-26T09:50:12","modified_gmt":"2023-04-26T09:50:12","slug":"casos-de-exito","status":"publish","type":"page","link":"https:\/\/cashlogyalicante.com\/?page_id=71","title":{"rendered":"Casos de exito"},"content":{"rendered":"\n<h2 class=\"has-text-align-center has-luminous-vivid-amber-color has-text-color\">Casos de \u00e9xito<\/h2>\n\n\n\n<hr class=\"wp-block-separator aligncenter has-text-color has-luminous-vivid-amber-color has-alpha-channel-opacity has-luminous-vivid-amber-background-color has-background\"\/>\n\n\n\n<p class=\"has-text-align-center\">Conoce c\u00f3mo Cashlogy facilita la vida diaria de diversos tipos de negocios. A trav\u00e9s de casos reales, podr\u00e1s ver c\u00f3mo nuestros clientes han mejorado sus resultados gracias a este sistema.<\/p>\n\n\n\n<figure class=\"wp-block-embed is-type-video is-provider-youtube wp-block-embed-youtube wp-embed-aspect-16-9 wp-has-aspect-ratio\"><div class=\"video2\">\n<iframe loading=\"lazy\" title=\"Caso de \u00e9xito: Cashlogy Safe con Farmacia Mor\u00e1n (Getafe)\" width=\"500\" height=\"281\" src=\"https:\/\/www.youtube.com\/embed\/xypQ6WWAfys?feature=oembed\" frameborder=\"0\" allow=\"accelerometer; autoplay; clipboard-write; encrypted-media; gyroscope; picture-in-picture; web-share\" allowfullscreen><\/iframe>\n<\/div><\/figure>\n\n\n\n<h4 class=\"has-text-align-center\">Farmacia Mor\u00e1n<\/h4>\n\n\n\n<p class=\"has-text-align-center2\">Carlos Berberana, propietario de Farmacia Mor\u00e1n en Getafe (Madrid), nos cuenta su experiencia tras la instalaci\u00f3n de Cashlogy Safe en su farmacia.<\/p>\n\n\n\n<hr class=\"wp-block-separator has-alpha-channel-opacity\"\/>\n\n\n\n<div class=\"is-layout-flex wp-container-4 wp-block-columns alignfull are-vertically-aligned-center has-text-color has-background\" style=\"color:#000000;background-color:#101010\">\n<div class=\"is-layout-flow wp-block-column is-vertically-aligned-center\">\n<figure class=\"wp-block-image size-full\"><a href=\"https:\/\/www.youtube.com\/watch?v=xypQ6WWAfys&amp;t=19s\"><img decoding=\"async\" loading=\"lazy\" width=\"500\" height=\"500\" src=\"https:\/\/cashlogyalicante.com\/wp-content\/uploads\/2023\/03\/exito1-1.jpg\" alt=\"\" class=\"wp-image-332\" srcset=\"https:\/\/cashlogyalicante.com\/wp-content\/uploads\/2023\/03\/exito1-1.jpg 500w, https:\/\/cashlogyalicante.com\/wp-content\/uploads\/2023\/03\/exito1-1-300x300.jpg 300w, https:\/\/cashlogyalicante.com\/wp-content\/uploads\/2023\/03\/exito1-1-150x150.jpg 150w\" sizes=\"(max-width: 500px) 100vw, 500px\" \/><\/a><\/figure>\n\n\n\n<h3 class=\"has-text-align-center has-white-color has-text-color has-medium-font-size\">V\u00eddeo Caso \u00e9xito: Farmacia Mor\u00e1n (Getafe)<\/h3>\n\n\n\n<p class=\"has-text-align-center has-luminous-vivid-amber-color has-text-color has-medium-font-size\"><a href=\"https:\/\/www.youtube.com\/watch?v=xypQ6WWAfys&amp;t=19s\">Ver caso<\/a><\/p>\n<\/div>\n\n\n\n<div class=\"is-layout-flow wp-block-column is-vertically-aligned-center\">\n<figure class=\"wp-block-image size-full is-style-default\"><img decoding=\"async\" loading=\"lazy\" width=\"500\" height=\"500\" src=\"https:\/\/cashlogyalicante.com\/wp-content\/uploads\/2023\/03\/exito2.jpg\" alt=\"\" class=\"wp-image-323\" srcset=\"https:\/\/cashlogyalicante.com\/wp-content\/uploads\/2023\/03\/exito2.jpg 500w, https:\/\/cashlogyalicante.com\/wp-content\/uploads\/2023\/03\/exito2-300x300.jpg 300w, https:\/\/cashlogyalicante.com\/wp-content\/uploads\/2023\/03\/exito2-150x150.jpg 150w\" sizes=\"(max-width: 500px) 100vw, 500px\" \/><\/figure>\n\n\n\n<h3 class=\"has-text-align-center has-white-color has-text-color has-medium-font-size\">V\u00eddeo Caso de \u00e9xito: Estanco la Vaguada (Madrid)<\/h3>\n\n\n\n<p class=\"has-text-align-center has-luminous-vivid-amber-color has-text-color has-medium-font-size\"><a href=\"https:\/\/www.youtube.com\/watch?v=zNztZwdBIDE\">Ver caso<\/a><\/p>\n<\/div>\n\n\n\n<div class=\"is-layout-flow wp-block-column is-vertically-aligned-center\">\n<figure class=\"wp-block-image size-full\"><img decoding=\"async\" loading=\"lazy\" width=\"500\" height=\"500\" src=\"https:\/\/cashlogyalicante.com\/wp-content\/uploads\/2023\/03\/exito3.jpg\" alt=\"\" class=\"wp-image-342\" srcset=\"https:\/\/cashlogyalicante.com\/wp-content\/uploads\/2023\/03\/exito3.jpg 500w, https:\/\/cashlogyalicante.com\/wp-content\/uploads\/2023\/03\/exito3-300x300.jpg 300w, https:\/\/cashlogyalicante.com\/wp-content\/uploads\/2023\/03\/exito3-150x150.jpg 150w\" sizes=\"(max-width: 500px) 100vw, 500px\" \/><\/figure>\n\n\n\n<h3 class=\"has-text-align-center has-white-color has-text-color has-medium-font-size\">V\u00eddeo Caso de \u00e9xito: Cashlogy App con P\u00edcaro Restobar<\/h3>\n\n\n\n<p class=\"has-text-align-center has-luminous-vivid-amber-color has-text-color has-medium-font-size\"><a href=\"https:\/\/www.youtube.com\/watch?v=HzT0vgAT2Dc\">Ver caso<\/a><\/p>\n<\/div>\n<\/div>\n\n\n\n<div class=\"is-layout-flex wp-container-8 wp-block-columns alignfull are-vertically-aligned-center has-text-color has-background\" style=\"color:#000000;background-color:#101010\">\n<div class=\"is-layout-flow wp-block-column is-vertically-aligned-center\">\n<figure class=\"wp-block-image size-full\"><img decoding=\"async\" loading=\"lazy\" width=\"500\" height=\"500\" src=\"https:\/\/cashlogyalicante.com\/wp-content\/uploads\/2023\/03\/exito4.jpg\" alt=\"\" class=\"wp-image-345\" srcset=\"https:\/\/cashlogyalicante.com\/wp-content\/uploads\/2023\/03\/exito4.jpg 500w, https:\/\/cashlogyalicante.com\/wp-content\/uploads\/2023\/03\/exito4-300x300.jpg 300w, https:\/\/cashlogyalicante.com\/wp-content\/uploads\/2023\/03\/exito4-150x150.jpg 150w\" sizes=\"(max-width: 500px) 100vw, 500px\" \/><\/figure>\n\n\n\n<h3 class=\"has-text-align-center has-white-color has-text-color has-medium-font-size\">V\u00eddeo Caso \u00e9xito: Panader\u00edas Orio (Madrid)<\/h3>\n\n\n\n<p class=\"has-text-align-center has-luminous-vivid-amber-color has-text-color has-medium-font-size\"><a href=\"https:\/\/www.youtube.com\/watch?v=bSQsut8xAYo\">Ver caso<\/a><\/p>\n<\/div>\n\n\n\n<div class=\"is-layout-flow wp-block-column is-vertically-aligned-center\">\n<figure class=\"wp-block-image size-full\"><img decoding=\"async\" loading=\"lazy\" width=\"500\" height=\"500\" src=\"https:\/\/cashlogyalicante.com\/wp-content\/uploads\/2023\/03\/exito5.jpg\" alt=\"\" class=\"wp-image-346\" srcset=\"https:\/\/cashlogyalicante.com\/wp-content\/uploads\/2023\/03\/exito5.jpg 500w, https:\/\/cashlogyalicante.com\/wp-content\/uploads\/2023\/03\/exito5-300x300.jpg 300w, https:\/\/cashlogyalicante.com\/wp-content\/uploads\/2023\/03\/exito5-150x150.jpg 150w\" sizes=\"(max-width: 500px) 100vw, 500px\" \/><\/figure>\n\n\n\n<h3 class=\"has-text-align-center has-white-color has-text-color has-medium-font-size\">Sal\u00f3n recreativo Humpty Dumpty (Stuttgart)<\/h3>\n\n\n\n<p class=\"has-text-align-center has-luminous-vivid-amber-color has-text-color has-medium-font-size\"><a href=\"https:\/\/cashlogyalicante.com\/?page_id=603\">Ver caso<\/a><\/p>\n<\/div>\n\n\n\n<div class=\"is-layout-flow wp-block-column is-vertically-aligned-center\">\n<figure class=\"wp-block-image size-full\"><img decoding=\"async\" loading=\"lazy\" width=\"500\" height=\"500\" src=\"https:\/\/cashlogyalicante.com\/wp-content\/uploads\/2023\/03\/exito6.jpg\" alt=\"\" class=\"wp-image-348\" srcset=\"https:\/\/cashlogyalicante.com\/wp-content\/uploads\/2023\/03\/exito6.jpg 500w, https:\/\/cashlogyalicante.com\/wp-content\/uploads\/2023\/03\/exito6-300x300.jpg 300w, https:\/\/cashlogyalicante.com\/wp-content\/uploads\/2023\/03\/exito6-150x150.jpg 150w\" sizes=\"(max-width: 500px) 100vw, 500px\" \/><\/figure>\n\n\n\n<h3 class=\"has-text-align-center has-white-color has-text-color has-medium-font-size\">Panader\u00eda Markus Bell (Alicante)<br><\/h3>\n\n\n\n<p class=\"has-text-align-center has-luminous-vivid-amber-color has-text-color has-medium-font-size\"><a href=\"https:\/\/cashlogyalicante.com\/?page_id=614\">Ver caso<\/a><\/p>\n<\/div>\n<\/div>\n\n\n\n<div class=\"is-layout-flex wp-container-12 wp-block-columns alignfull are-vertically-aligned-center has-text-color has-background\" style=\"color:#000000;background-color:#101010\">\n<div class=\"is-layout-flow wp-block-column is-vertically-aligned-center\">\n<figure class=\"wp-block-image size-full\"><img decoding=\"async\" loading=\"lazy\" width=\"500\" height=\"500\" src=\"https:\/\/cashlogyalicante.com\/wp-content\/uploads\/2023\/03\/exito7.jpg\" alt=\"\" class=\"wp-image-351\" srcset=\"https:\/\/cashlogyalicante.com\/wp-content\/uploads\/2023\/03\/exito7.jpg 500w, https:\/\/cashlogyalicante.com\/wp-content\/uploads\/2023\/03\/exito7-300x300.jpg 300w, https:\/\/cashlogyalicante.com\/wp-content\/uploads\/2023\/03\/exito7-150x150.jpg 150w\" sizes=\"(max-width: 500px) 100vw, 500px\" \/><\/figure>\n\n\n\n<h3 class=\"has-text-align-center has-white-color has-text-color has-medium-font-size\">Pasteler\u00eda Confiter\u00eda Roses<\/h3>\n\n\n\n<p class=\"has-text-align-center has-luminous-vivid-amber-color has-text-color has-medium-font-size\"><a href=\"https:\/\/cashlogyalicante.com\/?page_id=620\">Ver caso<\/a><\/p>\n<\/div>\n\n\n\n<div class=\"is-layout-flow wp-block-column is-vertically-aligned-center\">\n<figure class=\"wp-block-image size-full\"><img decoding=\"async\" loading=\"lazy\" width=\"500\" height=\"500\" src=\"https:\/\/cashlogyalicante.com\/wp-content\/uploads\/2023\/03\/exito8.jpg\" alt=\"\" class=\"wp-image-352\" srcset=\"https:\/\/cashlogyalicante.com\/wp-content\/uploads\/2023\/03\/exito8.jpg 500w, https:\/\/cashlogyalicante.com\/wp-content\/uploads\/2023\/03\/exito8-300x300.jpg 300w, https:\/\/cashlogyalicante.com\/wp-content\/uploads\/2023\/03\/exito8-150x150.jpg 150w\" sizes=\"(max-width: 500px) 100vw, 500px\" \/><\/figure>\n\n\n\n<h3 class=\"has-text-align-center has-white-color has-text-color has-medium-font-size\">Carns Fuster<br><\/h3>\n\n\n\n<p class=\"has-text-align-center has-luminous-vivid-amber-color has-text-color has-medium-font-size\"><a href=\"https:\/\/cashlogyalicante.com\/?page_id=627\">Ver caso<\/a><\/p>\n<\/div>\n\n\n\n<div class=\"is-layout-flow wp-block-column is-vertically-aligned-center\">\n<figure class=\"wp-block-image size-full\"><img decoding=\"async\" loading=\"lazy\" width=\"500\" height=\"500\" src=\"https:\/\/cashlogyalicante.com\/wp-content\/uploads\/2023\/03\/exito9.jpg\" alt=\"\" class=\"wp-image-353\" srcset=\"https:\/\/cashlogyalicante.com\/wp-content\/uploads\/2023\/03\/exito9.jpg 500w, https:\/\/cashlogyalicante.com\/wp-content\/uploads\/2023\/03\/exito9-300x300.jpg 300w, https:\/\/cashlogyalicante.com\/wp-content\/uploads\/2023\/03\/exito9-150x150.jpg 150w\" sizes=\"(max-width: 500px) 100vw, 500px\" \/><\/figure>\n\n\n\n<h3 class=\"has-text-align-center has-white-color has-text-color has-medium-font-size\">Rest. La Fontana y Posidonia<br><\/h3>\n\n\n\n<p class=\"has-text-align-center has-luminous-vivid-amber-color has-text-color has-medium-font-size\"><a href=\"https:\/\/cashlogyalicante.com\/?page_id=633\">Ver caso<\/a><\/p>\n<\/div>\n<\/div>\n\n\n\n<div class=\"is-layout-flex wp-container-16 wp-block-columns alignfull are-vertically-aligned-center has-text-color has-background\" style=\"color:#000000;background-color:#101010\">\n<div class=\"is-layout-flow wp-block-column is-vertically-aligned-center\">\n<figure class=\"wp-block-image size-full\"><img decoding=\"async\" loading=\"lazy\" width=\"500\" height=\"500\" src=\"https:\/\/cashlogyalicante.com\/wp-content\/uploads\/2023\/03\/exito10.jpg\" alt=\"\" class=\"wp-image-356\" srcset=\"https:\/\/cashlogyalicante.com\/wp-content\/uploads\/2023\/03\/exito10.jpg 500w, https:\/\/cashlogyalicante.com\/wp-content\/uploads\/2023\/03\/exito10-300x300.jpg 300w, https:\/\/cashlogyalicante.com\/wp-content\/uploads\/2023\/03\/exito10-150x150.jpg 150w\" sizes=\"(max-width: 500px) 100vw, 500px\" \/><\/figure>\n\n\n\n<h3 class=\"has-text-align-center has-white-color has-text-color has-medium-font-size\">Horno Rafalet<br><\/h3>\n\n\n\n<p class=\"has-text-align-center has-luminous-vivid-amber-color has-text-color has-medium-font-size\"><a href=\"https:\/\/cashlogyalicante.com\/?page_id=637\">Ver caso<\/a><\/p>\n<\/div>\n\n\n\n<div class=\"is-layout-flow wp-block-column is-vertically-aligned-center\">\n<figure class=\"wp-block-image size-full\"><img decoding=\"async\" loading=\"lazy\" width=\"500\" height=\"500\" src=\"https:\/\/cashlogyalicante.com\/wp-content\/uploads\/2023\/03\/exito11.jpg\" alt=\"\" class=\"wp-image-357\" srcset=\"https:\/\/cashlogyalicante.com\/wp-content\/uploads\/2023\/03\/exito11.jpg 500w, https:\/\/cashlogyalicante.com\/wp-content\/uploads\/2023\/03\/exito11-300x300.jpg 300w, https:\/\/cashlogyalicante.com\/wp-content\/uploads\/2023\/03\/exito11-150x150.jpg 150w\" sizes=\"(max-width: 500px) 100vw, 500px\" \/><\/figure>\n\n\n\n<h3 class=\"has-text-align-center has-white-color has-text-color has-medium-font-size\">Convent Carmen<br><\/h3>\n\n\n\n<p class=\"has-text-align-center has-luminous-vivid-amber-color has-text-color has-medium-font-size\"><a href=\"https:\/\/cashlogyalicante.com\/?page_id=645\">Ver caso<\/a><\/p>\n<\/div>\n\n\n\n<div class=\"is-layout-flow wp-block-column is-vertically-aligned-center\">\n<figure class=\"wp-block-image size-full\"><img decoding=\"async\" loading=\"lazy\" width=\"500\" height=\"500\" src=\"https:\/\/cashlogyalicante.com\/wp-content\/uploads\/2023\/03\/exito12.jpg\" alt=\"\" class=\"wp-image-359\" srcset=\"https:\/\/cashlogyalicante.com\/wp-content\/uploads\/2023\/03\/exito12.jpg 500w, https:\/\/cashlogyalicante.com\/wp-content\/uploads\/2023\/03\/exito12-300x300.jpg 300w, https:\/\/cashlogyalicante.com\/wp-content\/uploads\/2023\/03\/exito12-150x150.jpg 150w\" sizes=\"(max-width: 500px) 100vw, 500px\" \/><\/figure>\n\n\n\n<h3 class=\"has-text-align-center has-white-color has-text-color has-medium-font-size\">Pollastres Pili<br><\/h3>\n\n\n\n<p class=\"has-text-align-center has-luminous-vivid-amber-color has-text-color has-medium-font-size\"><a href=\"https:\/\/cashlogyalicante.com\/?page_id=649\">Ver caso<\/a><\/p>\n<\/div>\n<\/div>\n\n\n\n<div class=\"is-layout-flex wp-container-20 wp-block-columns alignfull are-vertically-aligned-center has-text-color has-background\" style=\"color:#000000;background-color:#101010\">\n<div class=\"is-layout-flow wp-block-column is-vertically-aligned-center\">\n<figure class=\"wp-block-image size-full\"><img decoding=\"async\" loading=\"lazy\" width=\"500\" height=\"500\" src=\"https:\/\/cashlogyalicante.com\/wp-content\/uploads\/2023\/03\/exito13.jpg\" alt=\"\" class=\"wp-image-360\" srcset=\"https:\/\/cashlogyalicante.com\/wp-content\/uploads\/2023\/03\/exito13.jpg 500w, https:\/\/cashlogyalicante.com\/wp-content\/uploads\/2023\/03\/exito13-300x300.jpg 300w, https:\/\/cashlogyalicante.com\/wp-content\/uploads\/2023\/03\/exito13-150x150.jpg 150w\" sizes=\"(max-width: 500px) 100vw, 500px\" \/><\/figure>\n\n\n\n<h3 class=\"has-text-align-center has-white-color has-text-color has-medium-font-size\">Restaurante japon\u00e9s Nip\u00f3<\/h3>\n\n\n\n<p class=\"has-text-align-center has-luminous-vivid-amber-color has-text-color has-medium-font-size\"><a href=\"https:\/\/cashlogyalicante.com\/?page_id=653\">Ver caso<\/a><\/p>\n<\/div>\n\n\n\n<div class=\"is-layout-flow wp-block-column is-vertically-aligned-center\">\n<figure class=\"wp-block-image size-full\"><img decoding=\"async\" loading=\"lazy\" width=\"500\" height=\"500\" src=\"https:\/\/cashlogyalicante.com\/wp-content\/uploads\/2023\/03\/exito14.jpg\" alt=\"\" class=\"wp-image-361\" srcset=\"https:\/\/cashlogyalicante.com\/wp-content\/uploads\/2023\/03\/exito14.jpg 500w, https:\/\/cashlogyalicante.com\/wp-content\/uploads\/2023\/03\/exito14-300x300.jpg 300w, https:\/\/cashlogyalicante.com\/wp-content\/uploads\/2023\/03\/exito14-150x150.jpg 150w\" sizes=\"(max-width: 500px) 100vw, 500px\" \/><\/figure>\n\n\n\n<h3 class=\"has-text-align-center has-white-color has-text-color has-medium-font-size\">Lantonnia<\/h3>\n\n\n\n<p class=\"has-text-align-center has-luminous-vivid-amber-color has-text-color has-medium-font-size\"><a href=\"https:\/\/cashlogyalicante.com\/?page_id=658\">Ver caso<\/a><\/p>\n<\/div>\n\n\n\n<div class=\"is-layout-flow wp-block-column is-vertically-aligned-center\">\n<figure class=\"wp-block-image size-full\"><img decoding=\"async\" loading=\"lazy\" width=\"500\" height=\"500\" src=\"https:\/\/cashlogyalicante.com\/wp-content\/uploads\/2023\/03\/exito15.jpg\" alt=\"\" class=\"wp-image-362\" srcset=\"https:\/\/cashlogyalicante.com\/wp-content\/uploads\/2023\/03\/exito15.jpg 500w, https:\/\/cashlogyalicante.com\/wp-content\/uploads\/2023\/03\/exito15-300x300.jpg 300w, https:\/\/cashlogyalicante.com\/wp-content\/uploads\/2023\/03\/exito15-150x150.jpg 150w\" sizes=\"(max-width: 500px) 100vw, 500px\" \/><\/figure>\n\n\n\n<h3 class=\"has-text-align-center has-white-color has-text-color has-medium-font-size\">Carnisserie Virgili<br><\/h3>\n\n\n\n<p class=\"has-text-align-center has-luminous-vivid-amber-color has-text-color has-medium-font-size\"><a href=\"https:\/\/cashlogyalicante.com\/?page_id=662\">Ver caso<\/a><\/p>\n<\/div>\n<\/div>\n\n\n\n<div class=\"is-layout-flex wp-container-24 wp-block-columns alignfull are-vertically-aligned-center has-text-color has-background\" style=\"color:#000000;background-color:#101010\">\n<div class=\"is-layout-flow wp-block-column is-vertically-aligned-center\">\n<figure class=\"wp-block-image size-full\"><img decoding=\"async\" loading=\"lazy\" width=\"500\" height=\"500\" src=\"https:\/\/cashlogyalicante.com\/wp-content\/uploads\/2023\/03\/exito16.jpg\" alt=\"\" class=\"wp-image-365\" srcset=\"https:\/\/cashlogyalicante.com\/wp-content\/uploads\/2023\/03\/exito16.jpg 500w, https:\/\/cashlogyalicante.com\/wp-content\/uploads\/2023\/03\/exito16-300x300.jpg 300w, https:\/\/cashlogyalicante.com\/wp-content\/uploads\/2023\/03\/exito16-150x150.jpg 150w\" sizes=\"(max-width: 500px) 100vw, 500px\" \/><\/figure>\n\n\n\n<h3 class=\"has-text-align-center has-white-color has-text-color has-medium-font-size\">Carnisseria Meritxell<br><\/h3>\n\n\n\n<p class=\"has-text-align-center has-luminous-vivid-amber-color has-text-color has-medium-font-size\"><a href=\"https:\/\/cashlogyalicante.com\/?page_id=667\">Ver caso<\/a><\/p>\n<\/div>\n\n\n\n<div class=\"is-layout-flow wp-block-column\"><\/div>\n\n\n\n<div class=\"is-layout-flow wp-block-column is-vertically-aligned-center\">\n<figure class=\"wp-block-image size-full\"><img decoding=\"async\" loading=\"lazy\" width=\"500\" height=\"500\" src=\"https:\/\/cashlogyalicante.com\/wp-content\/uploads\/2023\/03\/exito17.jpg\" alt=\"\" class=\"wp-image-366\" srcset=\"https:\/\/cashlogyalicante.com\/wp-content\/uploads\/2023\/03\/exito17.jpg 500w, https:\/\/cashlogyalicante.com\/wp-content\/uploads\/2023\/03\/exito17-300x300.jpg 300w, https:\/\/cashlogyalicante.com\/wp-content\/uploads\/2023\/03\/exito17-150x150.jpg 150w\" sizes=\"(max-width: 500px) 100vw, 500px\" \/><\/figure>\n\n\n\n<h3 class=\"has-text-align-center has-white-color has-text-color has-medium-font-size\">Tabacs Miquel<br><\/h3>\n\n\n\n<p class=\"has-text-align-center has-luminous-vivid-amber-color has-text-color has-medium-font-size\"><a href=\"https:\/\/cashlogyalicante.com\/?page_id=672\">Ver caso<\/a><\/p>\n<\/div>\n<\/div>\n","protected":false},"excerpt":{"rendered":"<p>Casos de \u00e9xito Conoce c\u00f3mo Cashlogy facilita la vida diaria de diversos tipos de negocios. A trav\u00e9s de casos reales, podr\u00e1s ver c\u00f3mo nuestros clientes han mejorado sus resultados gracias a este sistema. Farmacia Mor\u00e1n Carlos Berberana, propietario de Farmacia Mor\u00e1n en Getafe (Madrid), nos cuenta su experiencia tras la instalaci\u00f3n de Cashlogy Safe en [&hellip;]<\/p>\n","protected":false},"author":1,"featured_media":0,"parent":0,"menu_order":0,"comment_status":"closed","ping_status":"closed","template":"","meta":[],"_links":{"self":[{"href":"https:\/\/cashlogyalicante.com\/index.php?rest_route=\/wp\/v2\/pages\/71"}],"collection":[{"href":"https:\/\/cashlogyalicante.com\/index.php?rest_route=\/wp\/v2\/pages"}],"about":[{"href":"https:\/\/cashlogyalicante.com\/index.php?rest_route=\/wp\/v2\/types\/page"}],"author":[{"embeddable":true,"href":"https:\/\/cashlogyalicante.com\/index.php?rest_route=\/wp\/v2\/users\/1"}],"replies":[{"embeddable":true,"href":"https:\/\/cashlogyalicante.com\/index.php?rest_route=%2Fwp%2Fv2%2Fcomments&post=71"}],"version-history":[{"count":83,"href":"https:\/\/cashlogyalicante.com\/index.php?rest_route=\/wp\/v2\/pages\/71\/revisions"}],"predecessor-version":[{"id":713,"href":"https:\/\/cashlogyalicante.com\/index.php?rest_route=\/wp\/v2\/pages\/71\/revisions\/713"}],"wp:attachment":[{"href":"https:\/\/cashlogyalicante.com\/index.php?rest_route=%2Fwp%2Fv2%2Fmedia&parent=71"}],"curies":[{"name":"wp","href":"https:\/\/api.w.org\/{rel}","templated":true}]}}