{"id":672,"date":"2023-03-30T11:27:40","date_gmt":"2023-03-30T11:27:40","guid":{"rendered":"https:\/\/cashlogyalicante.com\/?page_id=672"},"modified":"2023-03-30T11:30:36","modified_gmt":"2023-03-30T11:30:36","slug":"tabacs-miquel","status":"publish","type":"page","link":"https:\/\/cashlogyalicante.com\/?page_id=672","title":{"rendered":"Tabacs Miquel"},"content":{"rendered":"\n<h1 class=\"has-text-align-center has-luminous-vivid-amber-color has-text-color\">Tabacs Miquel<\/h1>\n\n\n\n<hr class=\"wp-block-separator has-alpha-channel-opacity\"\/>\n\n\n\n<h2 class=\"has-text-align-center\">\u00bfQuieres saber por qu\u00e9 Miguel la ha rentabilizado al 100%?<\/h2>\n\n\n\n<div class=\"wp-block-media-text alignwide is-stacked-on-mobile\"><figure class=\"wp-block-media-text__media\"><img decoding=\"async\" loading=\"lazy\" width=\"435\" height=\"290\" src=\"https:\/\/cashlogyalicante.com\/wp-content\/uploads\/2023\/03\/L1003790-435x290-1.jpg\" alt=\"\" class=\"wp-image-673 size-full\" srcset=\"https:\/\/cashlogyalicante.com\/wp-content\/uploads\/2023\/03\/L1003790-435x290-1.jpg 435w, https:\/\/cashlogyalicante.com\/wp-content\/uploads\/2023\/03\/L1003790-435x290-1-300x200.jpg 300w\" sizes=\"(max-width: 435px) 100vw, 435px\" \/><\/figure><div class=\"wp-block-media-text__content\">\n<p style=\"font-size:16px\">Se podr\u00eda decir que Miquel Acero jugaba con ventaja a la hora de decidirse por Cashlogy. En su estanco de Pallej\u00e0, el \u00fanico del pueblo, con una clientela fiel de toda la vida, ya ten\u00eda m\u00e1quinas expendedoras desde hac\u00eda a\u00f1os, y su experiencia con ellas siempre fue positiva. As\u00ed que el d\u00eda que supo de Cashlogy no lo dud\u00f3. \u201cTenemos unas 500 operaciones diarias. Son ventas r\u00e1pidas y continuadas, y necesitaba algo que me ayudara en el d\u00eda a d\u00eda. Adem\u00e1s, la reputaci\u00f3n de la marca me generaba confianza\u201d, recuerda.<\/p>\n<\/div><\/div>\n\n\n\n<hr class=\"wp-block-separator has-alpha-channel-opacity\"\/>\n\n\n\n<p style=\"font-size:16px\">Y el tiempo le dio la raz\u00f3n a su intuici\u00f3n. Acero\u00a0est\u00e1 muy satisfecho con la nueva m\u00e1quina. Razones tiene.\u00a0<strong>Las principales: la seguridad de\u00a0que los n\u00fameros acaban cuadrando al c\u00e9ntimo,\u00a0la facilidad de uso y unos \u201ccostes ajustados\u201d.<\/strong><\/p>\n\n\n<div class=\"wp-block-image\">\n<figure class=\"alignleft is-resized\"><img decoding=\"async\" loading=\"lazy\" src=\"https:\/\/cashlogy.com\/wp-content\/uploads\/2018\/12\/tabacs-miquel-2.jpg\" alt=\"\" class=\"wp-image-7133\" width=\"544\" height=\"299\"\/><\/figure><\/div>\n\n\n<p style=\"font-size:16px\">La fiabilidad que ofrece Cashlogy es uno de sus grandes puntos fuertes, seg\u00fan el estanquero.&nbsp;<strong>\u201cNunca te puedes equivocar, es imposible.&nbsp;<\/strong>Nunca se cierra la operaci\u00f3n si no se cobra la<br>venta, as\u00ed que resulta imposible que haya error en el cobro del producto. Todo cuadra siempre\u201d, explica Acero, que valora \u201cla tranquilidad a la hora de trabajar\u201d que supone que los n\u00fameros siempre encajen.<\/p>\n\n\n\n<p style=\"font-size:16px\">\u201cAntes, era complicado cuadrarlos porque te pod\u00edas equivocar en un cambio por 20 c\u00e9ntimos o teclear mal el importe cuando ibas a cobrar con tarjeta. En cambio, con Cashlogy, la exactitud es total porque el TPV te pide directamente la cantidad exacta, lo que evita que tengas que teclearla, y si cobras en efectivo te va diciendo cu\u00e1nto le falta para acabar de pagar o, si le pones muchas monedas, la m\u00e1quina se queda las que necesita y las dem\u00e1s van al caj\u00f3n del cambio\u201d&nbsp;<strong>Tambi\u00e9n le aporta \u201ctraquilidad\u201d, la seguridad de cara a posibles robos.<\/strong>&nbsp;\u201cEs como una caja fuerte. Pesa much\u00edsimo, as\u00ed que nadie podr\u00eda llev\u00e1rsela, y es muy segura\u201d, describe. Como resulta tan sencillo de usar, todos sus empleados la utilizan. Pueden llegar a ser tres en el estanco atendiendo a los clientes. De hecho, es la principal herramienta con la que cobran en su negocio: \u201cDesde el primer d\u00eda todos trabajamos con ella, apenas hay que saber cuatro cositas.&nbsp;<strong>Es muy f\u00e1cil de usar: desde el momento que empieza el proceso de venta la m\u00e1quina te pregunta si es en efectivo o con tarjeta, y luego ya est\u00e1. Si&nbsp;&nbsp;<\/strong><strong>es en efectivo se trata de recoger el cambio y punto.<\/strong>&nbsp;Simplemente hay que mantenerla en buen estado, limpiando filtros, pasos de moneda, lectores de billete\u2026\u201d.<\/p>\n\n\n<div class=\"wp-block-image\">\n<figure class=\"alignright is-resized\"><img decoding=\"async\" loading=\"lazy\" src=\"https:\/\/cashlogy.com\/wp-content\/uploads\/2018\/12\/L1003706.jpg\" alt=\"\" class=\"wp-image-7435\" width=\"359\" height=\"239\"\/><\/figure><\/div>\n\n\n<p style=\"font-size:16px\">Otro de los beneficios de Cashlogy es que la&nbsp;<strong>liquidaci\u00f3n de la caja se realiza semanalmente.<\/strong>&nbsp;\u201cNo hace falta hacerla cada d\u00eda, y eso se traduce en una ganancia en tiempo\u201d, valora Acero, que no descarta instalar otra m\u00e1quina en el futuro. Apenas le encuentra cosas a mejorar. Una de ellas se deriva, parad\u00f3jicamente, de una ventaja: la seguridad al aceptar billetes v\u00e1lidos y rechazar falsos. \u201cEl lector es muy sofisticado y, a veces, si el billete est\u00e1 deteriorado, hay que pasarlo en m\u00e1s de una ocasi\u00f3n para que lo acepte, lo que ralentiza la venta. Pero si no sucede eso, que tampoco es lo habitual, Cashlogy cuenta muy r\u00e1pido el dinero\u201d. Razones, todas ellas, para que Acero, resuma en una frase su experiencia con Cashlogy: \u201cLa he rentabilizado al 100%\u201d.<\/p>\n","protected":false},"excerpt":{"rendered":"<p>Tabacs Miquel \u00bfQuieres saber por qu\u00e9 Miguel la ha rentabilizado al 100%? Se podr\u00eda decir que Miquel Acero jugaba con ventaja a la hora de decidirse por Cashlogy. En su estanco de Pallej\u00e0, el \u00fanico del pueblo, con una clientela fiel de toda la vida, ya ten\u00eda m\u00e1quinas expendedoras desde hac\u00eda a\u00f1os, y su experiencia [&hellip;]<\/p>\n","protected":false},"author":1,"featured_media":0,"parent":0,"menu_order":0,"comment_status":"closed","ping_status":"closed","template":"","meta":[],"_links":{"self":[{"href":"https:\/\/cashlogyalicante.com\/index.php?rest_route=\/wp\/v2\/pages\/672"}],"collection":[{"href":"https:\/\/cashlogyalicante.com\/index.php?rest_route=\/wp\/v2\/pages"}],"about":[{"href":"https:\/\/cashlogyalicante.com\/index.php?rest_route=\/wp\/v2\/types\/page"}],"author":[{"embeddable":true,"href":"https:\/\/cashlogyalicante.com\/index.php?rest_route=\/wp\/v2\/users\/1"}],"replies":[{"embeddable":true,"href":"https:\/\/cashlogyalicante.com\/index.php?rest_route=%2Fwp%2Fv2%2Fcomments&post=672"}],"version-history":[{"count":6,"href":"https:\/\/cashlogyalicante.com\/index.php?rest_route=\/wp\/v2\/pages\/672\/revisions"}],"predecessor-version":[{"id":681,"href":"https:\/\/cashlogyalicante.com\/index.php?rest_route=\/wp\/v2\/pages\/672\/revisions\/681"}],"wp:attachment":[{"href":"https:\/\/cashlogyalicante.com\/index.php?rest_route=%2Fwp%2Fv2%2Fmedia&parent=672"}],"curies":[{"name":"wp","href":"https:\/\/api.w.org\/{rel}","templated":true}]}}