{"id":667,"date":"2023-03-30T11:18:34","date_gmt":"2023-03-30T11:18:34","guid":{"rendered":"https:\/\/cashlogyalicante.com\/?page_id=667"},"modified":"2023-03-30T11:22:48","modified_gmt":"2023-03-30T11:22:48","slug":"carnisseria-meritxell","status":"publish","type":"page","link":"https:\/\/cashlogyalicante.com\/?page_id=667","title":{"rendered":"Carnisseria Meritxell"},"content":{"rendered":"\n<h1 class=\"has-text-align-center has-luminous-vivid-amber-color has-text-color\">Carnisseria Meritxell<\/h1>\n\n\n\n<hr class=\"wp-block-separator has-alpha-channel-opacity\"\/>\n\n\n\n<h2 class=\"has-text-align-center\">Dicen NO al cobro tradicional, \u00bfquieres saber cu\u00e1les han sido sus beneficios?<\/h2>\n\n\n\n<div class=\"wp-block-media-text alignwide is-stacked-on-mobile is-vertically-aligned-top is-image-fill\"><figure class=\"wp-block-media-text__media\" style=\"background-image:url(https:\/\/cashlogyalicante.com\/wp-content\/uploads\/2023\/03\/L1004051-250x375-1.jpg);background-position:50% 50%\"><img decoding=\"async\" loading=\"lazy\" width=\"250\" height=\"375\" src=\"https:\/\/cashlogyalicante.com\/wp-content\/uploads\/2023\/03\/L1004051-250x375-1.jpg\" alt=\"\" class=\"wp-image-668 size-full\" srcset=\"https:\/\/cashlogyalicante.com\/wp-content\/uploads\/2023\/03\/L1004051-250x375-1.jpg 250w, https:\/\/cashlogyalicante.com\/wp-content\/uploads\/2023\/03\/L1004051-250x375-1-200x300.jpg 200w\" sizes=\"(max-width: 250px) 100vw, 250px\" \/><\/figure><div class=\"wp-block-media-text__content\">\n<p style=\"font-size:16px\">El constante ajetreo que se vive en Carnisseria Meritxell llev\u00f3 a su due\u00f1a, Meritxell Pomerol, a buscar una herramienta que le ayudara en el d\u00eda a d\u00eda.<\/p>\n\n\n\n<p style=\"font-size:16px\">Su puesto en el Mercado Central de Tarragona es de los que m\u00e1s clientela mueve, con compras constantes, as\u00ed que eso la obligaba a estar tan pendiente<\/p>\n\n\n\n<p style=\"font-size:16px\">de cobrar y devolver el cambio y de cuadrar la caja como de atender a su fiel parroquia. Complicado. La soluci\u00f3n que encontr\u00f3 fue Cashlogy.<\/p>\n\n\n\n<p style=\"font-size:16px\">Lleva con este sistema desde que estren\u00f3 su lugar en el Mercat de Tarragona, en marzo de 2017, y su experiencia est\u00e1 resultando m\u00e1s que positiva. Nada<\/p>\n\n\n\n<p style=\"font-size:16px\">que ver con los casi 40 a\u00f1os que llevaban cuadrando las cuentas de manera manual, con todo lo que ello implica: desajustes y horas de tiempo robadas a la elaboraci\u00f3n de productos y la atenci\u00f3n al cliente.<\/p>\n<\/div><\/div>\n\n\n\n<hr class=\"wp-block-separator has-alpha-channel-opacity\"\/>\n\n\n<div class=\"wp-block-image\">\n<figure class=\"alignleft is-resized\"><img decoding=\"async\" loading=\"lazy\" src=\"https:\/\/cashlogy.com\/wp-content\/uploads\/2018\/12\/L1004047.jpg\" alt=\"\" class=\"wp-image-7154\" width=\"448\" height=\"299\"\/><\/figure><\/div>\n\n\n<p style=\"font-size:16px\">Porque su establecimiento es algo m\u00e1s que&nbsp;una carnicer\u00eda. Vende ternera, buey y cordero (ecol\u00f3gico, de la propia granja que posee en el Pirineo catal\u00e1n), pero tambi\u00e9n elabora unas hamburguesas de gran \u00e9xito y prepara delicias como callos y pies de cerdo. As\u00ed que&nbsp;<strong>resulta impagable ese tiempo que gana para&nbsp;<\/strong><strong>perfeccionar sus recetas y ampliar el cat\u00e1logo&nbsp;<\/strong><strong>de sus platos.<\/strong><\/p>\n\n\n\n<p style=\"font-size:16px\"><strong>\u201cMe lo instal\u00e9, principalmente, porque sab\u00eda&nbsp;<\/strong><strong>que iba muy bien para cuadrar cajas. Y lo cierto&nbsp;<\/strong><strong>es que desde que lo tengo se acabaron las&nbsp;<\/strong><strong>complicaciones.<\/strong>&nbsp;Es ideal.<\/p>\n\n\n\n<p style=\"font-size:16px\">Es una m\u00e1quina muy r\u00e1pida y muy c\u00f3moda, adem\u00e1s de que resulta muy sencilla de utilizar\u201d. Tan r\u00e1pida, c\u00f3moda y sencilla que \u201ctecleando un par de veces ya realizas la operaci\u00f3n\u201d, resume la tendera.<\/p>\n\n\n\n<p style=\"font-size:16px\">Pomerol es de las que cuadra la caja a diario. Y nunca le ha fallado. Nunca. \u201cCasi parece mentira, \u00bfa que s\u00ed? Entiendo que parezca imposibe pero es totalmente cierto\u201d, comenta. Y a\u00f1ade otra virtud tecnol\u00f3gica de Cashlogy: \u201cCuando nota que hay muchos billetes en la caja, los pasa a otra\u201d. No se atreve la carnicera a que lo usen sus clientes pese a que reconoce que es muy sencilla de usar. De hecho, los tres dependientes de la tienda la manejan desde el primer d\u00eda. Bast\u00f3 con que Meritxell les diera unas breves indicaciones para que trabajaran con ella sin dificultades. Pero con los clientes a\u00fan no se atreve. \u201cA veces pueden liarse, sobre todo la gente mayor, y yo la necesito para agilizar las compras\u201d.<\/p>\n\n\n\n<p style=\"font-size:16px\"><strong>Cuando se le pregunta si volver\u00eda al cobro manual, pone cara de sorpresa: \u201c\u00a1Nooo! Estoy tan acostumbrada a Cashlogy, y tan satisfecha, que no volver\u00eda atr\u00e1s de ninguna manera.<\/strong>&nbsp;Es que no hay herramienta m\u00e1s c\u00f3moda, r\u00e1pida, exacta y f\u00e1cil\u201d. Dif\u00edcil resumirlo mejor.<\/p>\n\n\n\n<p style=\"font-size:16px\">Antes de acabar la charla, Pomerol nos revela una curiosa estad\u00edstica. \u201c\u00bfSabes cu\u00e1les son las monedas que m\u00e1s se utilizan para comprar en mi carnicer\u00eda? Las de 2 y 20 c\u00e9ntimos y las de 2 euros. Todas las que llevan un 2\u201d, sonr\u00ede. Un dato que solo puede saber gracias al control de caja exacto que permite Cashlogy.\u00a0<strong>Pura tecnolog\u00eda.<\/strong><\/p>\n","protected":false},"excerpt":{"rendered":"<p>Carnisseria Meritxell Dicen NO al cobro tradicional, \u00bfquieres saber cu\u00e1les han sido sus beneficios? El constante ajetreo que se vive en Carnisseria Meritxell llev\u00f3 a su due\u00f1a, Meritxell Pomerol, a buscar una herramienta que le ayudara en el d\u00eda a d\u00eda. Su puesto en el Mercado Central de Tarragona es de los que m\u00e1s clientela [&hellip;]<\/p>\n","protected":false},"author":1,"featured_media":0,"parent":0,"menu_order":0,"comment_status":"closed","ping_status":"closed","template":"","meta":[],"_links":{"self":[{"href":"https:\/\/cashlogyalicante.com\/index.php?rest_route=\/wp\/v2\/pages\/667"}],"collection":[{"href":"https:\/\/cashlogyalicante.com\/index.php?rest_route=\/wp\/v2\/pages"}],"about":[{"href":"https:\/\/cashlogyalicante.com\/index.php?rest_route=\/wp\/v2\/types\/page"}],"author":[{"embeddable":true,"href":"https:\/\/cashlogyalicante.com\/index.php?rest_route=\/wp\/v2\/users\/1"}],"replies":[{"embeddable":true,"href":"https:\/\/cashlogyalicante.com\/index.php?rest_route=%2Fwp%2Fv2%2Fcomments&post=667"}],"version-history":[{"count":2,"href":"https:\/\/cashlogyalicante.com\/index.php?rest_route=\/wp\/v2\/pages\/667\/revisions"}],"predecessor-version":[{"id":671,"href":"https:\/\/cashlogyalicante.com\/index.php?rest_route=\/wp\/v2\/pages\/667\/revisions\/671"}],"wp:attachment":[{"href":"https:\/\/cashlogyalicante.com\/index.php?rest_route=%2Fwp%2Fv2%2Fmedia&parent=667"}],"curies":[{"name":"wp","href":"https:\/\/api.w.org\/{rel}","templated":true}]}}