{"id":662,"date":"2023-03-30T11:05:55","date_gmt":"2023-03-30T11:05:55","guid":{"rendered":"https:\/\/cashlogyalicante.com\/?page_id=662"},"modified":"2023-03-30T11:05:55","modified_gmt":"2023-03-30T11:05:55","slug":"carnisserie-virgili","status":"publish","type":"page","link":"https:\/\/cashlogyalicante.com\/?page_id=662","title":{"rendered":"Carnisserie Virgili"},"content":{"rendered":"\n<h1 class=\"has-text-align-center has-luminous-vivid-amber-color has-text-color\">Carnisserie Virgili<\/h1>\n\n\n\n<hr class=\"wp-block-separator has-alpha-channel-opacity\"\/>\n\n\n\n<h2 class=\"has-text-align-center\">\u00bfCu\u00e1nto te cuesta realizar la caja? A Mar\u00eda Virgili menos de 5 minutos.<\/h2>\n\n\n\n<div class=\"wp-block-media-text alignwide is-stacked-on-mobile is-image-fill\"><figure class=\"wp-block-media-text__media\" style=\"background-image:url(https:\/\/cashlogyalicante.com\/wp-content\/uploads\/2023\/03\/L1004147-435x290-1.jpg);background-position:50% 50%\"><img decoding=\"async\" loading=\"lazy\" width=\"435\" height=\"290\" src=\"https:\/\/cashlogyalicante.com\/wp-content\/uploads\/2023\/03\/L1004147-435x290-1.jpg\" alt=\"\" class=\"wp-image-663 size-full\" srcset=\"https:\/\/cashlogyalicante.com\/wp-content\/uploads\/2023\/03\/L1004147-435x290-1.jpg 435w, https:\/\/cashlogyalicante.com\/wp-content\/uploads\/2023\/03\/L1004147-435x290-1-300x200.jpg 300w\" sizes=\"(max-width: 435px) 100vw, 435px\" \/><\/figure><div class=\"wp-block-media-text__content\">\n<p style=\"font-size:16px\">La historia de amor entre Maria Virgili y sus dos Cashlogy fue lenta pero implacable, se fue gestando poco a poco hasta el d\u00eda de hoy, en que la carnicera del Mercat Central de Tarragona afirma que \u201cno podr\u00eda trabajar sin ellas\u201d. Fue Oriol, uno de los responsables de Totpes, un software de gesti\u00f3n para empresas del sector, quien le habl\u00f3 de ellas la primera vez, y enseguida despert\u00f3 la curiosidad de Maria, cuarta generaci\u00f3n de una empresa familiar que inici\u00f3 su actividad, se dice pronto, en 1915. \u201c<strong>La idea me sedujo desde el principio, pero era una inversi\u00f3n muy importante y un cambio grande en la manera de trabajar, de manera\u00a0que me inform\u00e9 muy bien antes de adquirir las dos m\u00e1quinas\u201d<\/strong>, explica Maria, a quien el periplo le llev\u00f3 al Mercat de Sants de Barcelona, donde estuvo comprobando en primera persona el funcionamiento de otras Cashlogy.<\/p>\n<\/div><\/div>\n\n\n\n<hr class=\"wp-block-separator has-alpha-channel-opacity\"\/>\n\n\n\n<p style=\"font-size:16px\"><strong>\u201cEn cuanto ves el entusiasmo de los usuarios, te\u00a0contagias de \u00e9l enseguida\u201d<\/strong>, asegura. De hecho, en la primera reuni\u00f3n con el equipo de interioristas que iban a encargarse de la obra en el<br>mercado nuevo, un flamante edificio modernista inaugurado en la primavera de 2017, Maria part\u00eda de tres premisas.\u00a0<strong>\u201cPor un lado ten\u00eda que ser un\u00a0espacio pr\u00e1ctico y funcional, y ten\u00eda que haber<\/strong><br><strong>espacio para dos aparatos fundamentales: las\u00a0dos Cashlogy y nuestra nevera de maduraci\u00f3n\u201d<\/strong>.<\/p>\n\n\n<div class=\"wp-block-image\">\n<figure class=\"alignright size-full is-resized\"><img decoding=\"async\" loading=\"lazy\" src=\"https:\/\/cashlogyalicante.com\/wp-content\/uploads\/2023\/03\/image-2.png\" alt=\"\" class=\"wp-image-664\" width=\"435\" height=\"290\" srcset=\"https:\/\/cashlogyalicante.com\/wp-content\/uploads\/2023\/03\/image-2.png 435w, https:\/\/cashlogyalicante.com\/wp-content\/uploads\/2023\/03\/image-2-300x200.png 300w\" sizes=\"(max-width: 435px) 100vw, 435px\" \/><\/figure><\/div>\n\n\n<p style=\"font-size:16px\">No solo no se ha arrepentido de la decisi\u00f3n, sino que su satisfacci\u00f3n ha ido in crescendo. \u201cCualquiera que proceda de la atenci\u00f3n al cliente lo entender\u00e1: la satisfacci\u00f3n de hacer caja solo una vez a la semana\u201d, explica. El s\u00e1bado, concretamente, momento en el que se hace la caja de la semana, que, adem\u00e1s, siempre cuadra: \u201cla m\u00e1quina lo hace todo, es un milagro\u201d, asegura.&nbsp;<strong>\u201cNosotros somos siete en la tienda, y somos un equipo muy cohesionado que llevamos a\u00f1os trabajando juntos.&nbsp;<\/strong>Hasta que llegaron las Cashlogy, hacer caja a diario siempre era complicado, ya que es dif\u00edcil que cuadre.<\/p>\n\n\n<div class=\"wp-block-image\">\n<figure class=\"alignleft is-resized\"><img decoding=\"async\" loading=\"lazy\" src=\"https:\/\/cashlogy.com\/wp-content\/uploads\/2018\/12\/L1004294.jpg\" alt=\"\" class=\"wp-image-7451\" width=\"448\" height=\"299\"\/><\/figure><\/div>\n\n\n<p style=\"font-size:16px\"><strong>Ahora cuadra siempre y la hacemos en cinco minutos, de manera que nos ahorra much\u00edsimo trabajo\u201d<\/strong>. Un tiempo que pueden dedicar, en este caso, a una mejor atenci\u00f3n al cliente, algo que en un establecimiento como Carnisseria Virgili es un aut\u00e9ntico pilar, ya que aqu\u00ed el p\u00fablico acude no solo en busca del mejor producto c\u00e1rnico, sino tambi\u00e9n de las mejores recomendaciones y el know how de un equipo experto y consolidado.<br>La parada, amplia y bien surtida de todo tipo de carnes de calidad \u2013desde cordero a cabrito, ternera, vaca vieja y algunos productos gourmet como el Black Angus, adem\u00e1s de elaboraciones c\u00e1rnicas y, desde hace poco, tambi\u00e9n platos preparados\u2013,&nbsp;<strong>cuenta con una Cashlogy en cada esquina, algo que \u201cnos da tranquilidad tanto al equipo como a la clientela, que ya est\u00e1 m\u00e1s que acostumbrada a utilizarla\u201d<\/strong>. Maria explica que en el Mercat Central son varios los establecimientos que cuentan con Cashlogy, de manera que los clientes las conocen a la perfecci\u00f3n. \u201cEst\u00e1n m\u00e1s contentos ellos que nosotros\u201d, asegura. Por su parte,&nbsp;<strong>\u201clos comerciantes hacemos mucha pi\u00f1a, porque estamos todos encantados con nuestras Cashlogy\u201d, afirma.<\/strong><\/p>\n","protected":false},"excerpt":{"rendered":"<p>Carnisserie Virgili \u00bfCu\u00e1nto te cuesta realizar la caja? A Mar\u00eda Virgili menos de 5 minutos. La historia de amor entre Maria Virgili y sus dos Cashlogy fue lenta pero implacable, se fue gestando poco a poco hasta el d\u00eda de hoy, en que la carnicera del Mercat Central de Tarragona afirma que \u201cno podr\u00eda trabajar [&hellip;]<\/p>\n","protected":false},"author":1,"featured_media":0,"parent":0,"menu_order":0,"comment_status":"closed","ping_status":"closed","template":"","meta":[],"_links":{"self":[{"href":"https:\/\/cashlogyalicante.com\/index.php?rest_route=\/wp\/v2\/pages\/662"}],"collection":[{"href":"https:\/\/cashlogyalicante.com\/index.php?rest_route=\/wp\/v2\/pages"}],"about":[{"href":"https:\/\/cashlogyalicante.com\/index.php?rest_route=\/wp\/v2\/types\/page"}],"author":[{"embeddable":true,"href":"https:\/\/cashlogyalicante.com\/index.php?rest_route=\/wp\/v2\/users\/1"}],"replies":[{"embeddable":true,"href":"https:\/\/cashlogyalicante.com\/index.php?rest_route=%2Fwp%2Fv2%2Fcomments&post=662"}],"version-history":[{"count":1,"href":"https:\/\/cashlogyalicante.com\/index.php?rest_route=\/wp\/v2\/pages\/662\/revisions"}],"predecessor-version":[{"id":665,"href":"https:\/\/cashlogyalicante.com\/index.php?rest_route=\/wp\/v2\/pages\/662\/revisions\/665"}],"wp:attachment":[{"href":"https:\/\/cashlogyalicante.com\/index.php?rest_route=%2Fwp%2Fv2%2Fmedia&parent=662"}],"curies":[{"name":"wp","href":"https:\/\/api.w.org\/{rel}","templated":true}]}}