{"id":649,"date":"2023-03-30T10:47:26","date_gmt":"2023-03-30T10:47:26","guid":{"rendered":"https:\/\/cashlogyalicante.com\/?page_id=649"},"modified":"2023-03-30T10:47:26","modified_gmt":"2023-03-30T10:47:26","slug":"pollastres-pili","status":"publish","type":"page","link":"https:\/\/cashlogyalicante.com\/?page_id=649","title":{"rendered":"Pollastres Pili"},"content":{"rendered":"\n<h1 class=\"has-text-align-center has-luminous-vivid-amber-color has-text-color\">Pollastres Pili<\/h1>\n\n\n\n<hr class=\"wp-block-separator has-alpha-channel-opacity\"\/>\n\n\n\n<h2 class=\"has-text-align-center\">Pili vuelve a estar tranquila y nos desvela lo feliz que es con Cashlogy, \u00a1desc\u00fabrelo!<br><\/h2>\n\n\n\n<div class=\"wp-block-media-text alignwide is-stacked-on-mobile is-image-fill\"><figure class=\"wp-block-media-text__media\" style=\"background-image:url(https:\/\/cashlogyalicante.com\/wp-content\/uploads\/2023\/03\/L1004205-435x290-1.jpg);background-position:58% 48%\"><img decoding=\"async\" loading=\"lazy\" width=\"435\" height=\"290\" src=\"https:\/\/cashlogyalicante.com\/wp-content\/uploads\/2023\/03\/L1004205-435x290-1.jpg\" alt=\"\" class=\"wp-image-650 size-full\" srcset=\"https:\/\/cashlogyalicante.com\/wp-content\/uploads\/2023\/03\/L1004205-435x290-1.jpg 435w, https:\/\/cashlogyalicante.com\/wp-content\/uploads\/2023\/03\/L1004205-435x290-1-300x200.jpg 300w\" sizes=\"(max-width: 435px) 100vw, 435px\" \/><\/figure><div class=\"wp-block-media-text__content\">\n<p style=\"font-size:16px\">Es hablar con Pili Borr\u00e0s y no tener dudas de que la mejor inversi\u00f3n que ha hecho en su nuevo puesto del Mercat Central de Tarragona es la de Cashlogy. Se le dibuja una sonrisa en la cara y lo dice abiertamente. Solo habla maravillas de la m\u00e1quina. Gracias a ella, ha ganado en tranquilidad porque los n\u00fameros siempre cuadran, y ganado en tiempo para preparar las viandas que vende a un p\u00fablico fiel en su tienda gourmet, ya que se ahorra el farragoso proceso de controlar las cuentas.<\/p>\n<\/div><\/div>\n\n\n\n<hr class=\"wp-block-separator has-alpha-channel-opacity\"\/>\n\n\n\n<p class=\"has-text-align-center\" style=\"font-size:16px\">La responsable de Pollastres Pili\u00a0<strong>apost\u00f3 por\u00a0<\/strong><strong>Cashlogy porque la firma le daba \u201cgarant\u00edas\u201d. Y\u00a0<\/strong><strong>las expectativas se cumplieron desde el primer\u00a0<\/strong><strong>minuto,<\/strong>\u00a0en marzo de 2017, cuando acudi\u00f3 a una presentaci\u00f3n del producto y, pocos d\u00edas despu\u00e9s, convencida de que le iba a ayudar en su d\u00eda a d\u00eda, a la breve formaci\u00f3n para conocer su funcionamiento. \u201cEs tan f\u00e1cil de usar que despu\u00e9s no me cost\u00f3 nada explicar c\u00f3mo iba a los otros cuatro trabajadores que tenemos\u201d, recuerda Borr\u00e0s.<\/p>\n\n\n\n<p class=\"has-text-align-center\" style=\"font-size:16px\"><strong>Est\u00e1 contenta con Cashlogy.<\/strong>&nbsp;\u201cY eso que cuesta un dinero y pagas un mantenimiento que, por otra parte, es diligente y efectivo porque resuelven cualquier duda o problema r\u00e1pidamente\u201d, asegura. Cashlogy le sale muy a cuenta a esta mujer que regenta este negocio familiar que en octubre de 2018 cumplir\u00e1 40 a\u00f1os. Lo que fue una poller\u00eda de toda la vida ha pasado ahora a vender embutidos, quesos, caldos, especias, aceites aromatizados, t\u00e9s\u2026 Todo ello ecol\u00f3gico. Sigue con el pollo, claro est\u00e1, en este caso no siempre ecol\u00f3gico: normal, de corral\u2026 Y con esta ave, Pili y su equipo hacen de todo: pechugas, patas, filetes, marinados, rebozados, hamburguesas\u2026<\/p>\n\n\n\n<hr class=\"wp-block-separator has-alpha-channel-opacity is-style-dots\"\/>\n\n\n<div class=\"wp-block-image\">\n<figure class=\"aligncenter is-resized\"><img decoding=\"async\" loading=\"lazy\" src=\"https:\/\/cashlogy.com\/wp-content\/uploads\/2018\/12\/L1004157.jpg\" alt=\"\" class=\"wp-image-7481\" width=\"897\" height=\"598\"\/><\/figure><\/div>\n\n\n<hr class=\"wp-block-separator has-alpha-channel-opacity is-style-dots\"\/>\n\n\n\n<p class=\"has-text-align-center\" style=\"font-size:16px\"><strong>Cashlogy se ha convertido en una herramienta vital para ellos, pues los libera de la tarea de contar, cobrar, cambiar y cuadrar dinero.<\/strong>&nbsp;\u201cAdem\u00e1s de ser muy importante que los n\u00fameros siempre coincidan al c\u00e9ntimo, que nunca falle y te aporte tranquilidad, ganas tiempo para tratar con los proveedores, trabajar el producto, gestionar el personal, estar m\u00e1s y mejor por el cliente\u2026 Eso siempre beneficia al negocio\u201d, valora Borr\u00e0s. \u201cCuando pienso en cuando lo hac\u00eda todo manual y en el tiempo que me ocupaba\u2026\u201d.<br><strong>Adem\u00e1s, le gusta que Cashlogy le ayude a controlar qu\u00e9 productos vende m\u00e1s y cu\u00e1les menos.<\/strong>&nbsp;\u201cEso me sirve para conocer mejor los gustos de la clientela y comprar unas cosas m\u00e1s que otras la pr\u00f3xima vez\u201d, comenta. Un control, como el cuadre de caja, que puede hacer en cualquier momento.<br>Definitivamente, Borr\u00e0s se ha rendido a Cashlogy. \u201cYa no usamos ning\u00fan otro sistema para cobrar, as\u00ed que si se estropea la m\u00e1quina tenemos una caja de caudales muy antigua\u201d.&nbsp;<strong>\u00bfHay alg\u00fan ejemplo m\u00e1s gr\u00e1fico de c\u00f3mo adaptarse a los nuevos tiempos para salir ganando?<\/strong><\/p>\n","protected":false},"excerpt":{"rendered":"<p>Pollastres Pili Pili vuelve a estar tranquila y nos desvela lo feliz que es con Cashlogy, \u00a1desc\u00fabrelo! Es hablar con Pili Borr\u00e0s y no tener dudas de que la mejor inversi\u00f3n que ha hecho en su nuevo puesto del Mercat Central de Tarragona es la de Cashlogy. Se le dibuja una sonrisa en la cara [&hellip;]<\/p>\n","protected":false},"author":1,"featured_media":0,"parent":0,"menu_order":0,"comment_status":"closed","ping_status":"closed","template":"","meta":[],"_links":{"self":[{"href":"https:\/\/cashlogyalicante.com\/index.php?rest_route=\/wp\/v2\/pages\/649"}],"collection":[{"href":"https:\/\/cashlogyalicante.com\/index.php?rest_route=\/wp\/v2\/pages"}],"about":[{"href":"https:\/\/cashlogyalicante.com\/index.php?rest_route=\/wp\/v2\/types\/page"}],"author":[{"embeddable":true,"href":"https:\/\/cashlogyalicante.com\/index.php?rest_route=\/wp\/v2\/users\/1"}],"replies":[{"embeddable":true,"href":"https:\/\/cashlogyalicante.com\/index.php?rest_route=%2Fwp%2Fv2%2Fcomments&post=649"}],"version-history":[{"count":1,"href":"https:\/\/cashlogyalicante.com\/index.php?rest_route=\/wp\/v2\/pages\/649\/revisions"}],"predecessor-version":[{"id":651,"href":"https:\/\/cashlogyalicante.com\/index.php?rest_route=\/wp\/v2\/pages\/649\/revisions\/651"}],"wp:attachment":[{"href":"https:\/\/cashlogyalicante.com\/index.php?rest_route=%2Fwp%2Fv2%2Fmedia&parent=649"}],"curies":[{"name":"wp","href":"https:\/\/api.w.org\/{rel}","templated":true}]}}