{"id":645,"date":"2023-03-30T10:36:04","date_gmt":"2023-03-30T10:36:04","guid":{"rendered":"https:\/\/cashlogyalicante.com\/?page_id=645"},"modified":"2023-03-30T10:36:05","modified_gmt":"2023-03-30T10:36:05","slug":"convent-carmen","status":"publish","type":"page","link":"https:\/\/cashlogyalicante.com\/?page_id=645","title":{"rendered":"Convent Carmen"},"content":{"rendered":"\n<h1 class=\"has-text-align-center has-luminous-vivid-amber-color has-text-color\">Convent Carmen<\/h1>\n\n\n\n<hr class=\"wp-block-separator has-alpha-channel-opacity\"\/>\n\n\n\n<h2 class=\"has-text-align-center\">Cashlogy est\u00e1 de moda en Valencia, \u00bfquieres saber por qu\u00e9?<\/h2>\n\n\n\n<div class=\"wp-block-media-text alignwide is-stacked-on-mobile is-image-fill\"><figure class=\"wp-block-media-text__media\" style=\"background-image:url(https:\/\/cashlogyalicante.com\/wp-content\/uploads\/2023\/03\/Convent-Carmen-23-435x290-1.jpg);background-position:50% 50%\"><img decoding=\"async\" loading=\"lazy\" width=\"435\" height=\"290\" src=\"https:\/\/cashlogyalicante.com\/wp-content\/uploads\/2023\/03\/Convent-Carmen-23-435x290-1.jpg\" alt=\"\" class=\"wp-image-646 size-full\" srcset=\"https:\/\/cashlogyalicante.com\/wp-content\/uploads\/2023\/03\/Convent-Carmen-23-435x290-1.jpg 435w, https:\/\/cashlogyalicante.com\/wp-content\/uploads\/2023\/03\/Convent-Carmen-23-435x290-1-300x200.jpg 300w\" sizes=\"(max-width: 435px) 100vw, 435px\" \/><\/figure><div class=\"wp-block-media-text__content\">\n<p style=\"font-size:16px\"><strong>Uno de los establecimientos de moda de Valencia es Convent Carmen<\/strong>.<\/p>\n\n\n\n<p style=\"font-size:16px\">&nbsp;Y desde el mismo momento que abri\u00f3, a finales de septiembre del 2018.<br>Lo que fue un convento levantado en 1609 es ahora un lugar de ocio con un bonito jard\u00edn que ofrece conciertos en directo, sesiones de disc jockeys y cine con un mercado gastron\u00f3mico donde no faltan una chaciner\u00eda, una vermuter\u00eda, una zona de street food&nbsp; internacional, una lonja y una barra de comida fresca y ecol\u00f3gica.<strong>&nbsp;Y donde Cashlogy tambi\u00e9n se ha hecho un hueco<\/strong><\/p>\n<\/div><\/div>\n\n\n\n<hr class=\"wp-block-separator has-alpha-channel-opacity\"\/>\n\n\n\n<p class=\"has-text-align-center\" style=\"font-size:16px\">Joaqu\u00edn Collado, el responsable de esta nueva propuesta en el c\u00e9ntrico barrio del Carmen,&nbsp;<strong>estaba convencido de que estas m\u00e1quinas le iban a dar resultado inmediato desde el primer d\u00eda<\/strong>. Y<\/p>\n\n\n\n<p class=\"has-text-align-center\" style=\"font-size:16px\">as\u00ed fue. \u201cTenemos mucho personal y no quer\u00edamos que nadie tocara el dinero. Al final&nbsp;<strong>elegimos Cashlogy porque sab\u00edamos que era la m\u00e1s eficiente del mercado\u201d<\/strong>, recuerda el empresario<strong>.&nbsp;<\/strong>\u201cAl principio se sorprenden y a alguna persona mayor hay que ayudarla porque no est\u00e1n habituados, pero luego quedan muy satisfechos. La verdad es que&nbsp;<strong>todos ven fenomenal este sistema\u201d, subraya Collado<\/strong>.<\/p>\n\n\n\n<hr class=\"wp-block-separator has-alpha-channel-opacity is-style-dots\"\/>\n\n\n<div class=\"wp-block-image\">\n<figure class=\"aligncenter is-resized\"><img decoding=\"async\" loading=\"lazy\" src=\"https:\/\/cashlogy.com\/wp-content\/uploads\/2019\/01\/Convent-Carmen-4.jpg\" alt=\"\" class=\"wp-image-7310\" width=\"688\" height=\"457\"\/><\/figure><\/div>\n\n\n<hr class=\"wp-block-separator has-alpha-channel-opacity is-style-dots\"\/>\n\n\n\n<p class=\"has-text-align-center\" style=\"font-size:16px\">\u201cDe hecho,&nbsp;<strong>este es el futuro<\/strong>&nbsp;-vaticina- porque el cliente paga m\u00e1s r\u00e1pido, nunca se pierde ni un euro al cobrar o al dar el cambio y luego las cajas cuadran siempre. No te imaginas el trabajo que te ahorra y la seguridad que te da\u201d. Hasta tal punto llega su satisfacci\u00f3n que ya ha decidido que va a incorporar una nueva unidad en breve.<\/p>\n","protected":false},"excerpt":{"rendered":"<p>Convent Carmen Cashlogy est\u00e1 de moda en Valencia, \u00bfquieres saber por qu\u00e9? Uno de los establecimientos de moda de Valencia es Convent Carmen. &nbsp;Y desde el mismo momento que abri\u00f3, a finales de septiembre del 2018.Lo que fue un convento levantado en 1609 es ahora un lugar de ocio con un bonito jard\u00edn que ofrece [&hellip;]<\/p>\n","protected":false},"author":1,"featured_media":0,"parent":0,"menu_order":0,"comment_status":"closed","ping_status":"closed","template":"","meta":[],"_links":{"self":[{"href":"https:\/\/cashlogyalicante.com\/index.php?rest_route=\/wp\/v2\/pages\/645"}],"collection":[{"href":"https:\/\/cashlogyalicante.com\/index.php?rest_route=\/wp\/v2\/pages"}],"about":[{"href":"https:\/\/cashlogyalicante.com\/index.php?rest_route=\/wp\/v2\/types\/page"}],"author":[{"embeddable":true,"href":"https:\/\/cashlogyalicante.com\/index.php?rest_route=\/wp\/v2\/users\/1"}],"replies":[{"embeddable":true,"href":"https:\/\/cashlogyalicante.com\/index.php?rest_route=%2Fwp%2Fv2%2Fcomments&post=645"}],"version-history":[{"count":1,"href":"https:\/\/cashlogyalicante.com\/index.php?rest_route=\/wp\/v2\/pages\/645\/revisions"}],"predecessor-version":[{"id":647,"href":"https:\/\/cashlogyalicante.com\/index.php?rest_route=\/wp\/v2\/pages\/645\/revisions\/647"}],"wp:attachment":[{"href":"https:\/\/cashlogyalicante.com\/index.php?rest_route=%2Fwp%2Fv2%2Fmedia&parent=645"}],"curies":[{"name":"wp","href":"https:\/\/api.w.org\/{rel}","templated":true}]}}