{"id":637,"date":"2023-03-30T10:32:10","date_gmt":"2023-03-30T10:32:10","guid":{"rendered":"https:\/\/cashlogyalicante.com\/?page_id=637"},"modified":"2023-03-30T10:32:58","modified_gmt":"2023-03-30T10:32:58","slug":"horno-rafalet","status":"publish","type":"page","link":"https:\/\/cashlogyalicante.com\/?page_id=637","title":{"rendered":"Horno Rafalet"},"content":{"rendered":"\n<h1 class=\"has-text-align-center has-luminous-vivid-amber-color has-text-color\">Horno Rafalet<\/h1>\n\n\n\n<hr class=\"wp-block-separator has-alpha-channel-opacity\"\/>\n\n\n\n<h2 class=\"has-text-align-center\">Gracias a Cashlogy pueden disfrutar de m\u00e1s d\u00edas de vacaciones<\/h2>\n\n\n\n<div class=\"wp-block-media-text alignwide is-stacked-on-mobile is-image-fill\"><figure class=\"wp-block-media-text__media\" style=\"background-image:url(https:\/\/cashlogyalicante.com\/wp-content\/uploads\/2023\/03\/Horno-Rafalet-36-435x290-1.jpg);background-position:50% 50%\"><img decoding=\"async\" loading=\"lazy\" width=\"435\" height=\"290\" src=\"https:\/\/cashlogyalicante.com\/wp-content\/uploads\/2023\/03\/Horno-Rafalet-36-435x290-1.jpg\" alt=\"\" class=\"wp-image-638 size-full\" srcset=\"https:\/\/cashlogyalicante.com\/wp-content\/uploads\/2023\/03\/Horno-Rafalet-36-435x290-1.jpg 435w, https:\/\/cashlogyalicante.com\/wp-content\/uploads\/2023\/03\/Horno-Rafalet-36-435x290-1-300x200.jpg 300w\" sizes=\"(max-width: 435px) 100vw, 435px\" \/><\/figure><div class=\"wp-block-media-text__content\">\n<p style=\"font-size:16px\">Tiene cuatro panader\u00edas en Alicante ciudad bajo la misma ense\u00f1a: Horno\u00a0Rafelet.\u00a0<strong>Se trata de un\u00a0negocio familiar que abri\u00f3 en 1932<\/strong>. As\u00ed que tiene\u00a0experiencia de sobras\u00a0para saber lo que m\u00e1s conviene a sus establecimientos. Entre esas claves figuran\u00a0el buen\u00a0trato al cliente y\u00a0el producto artesano de m\u00e1xima calidad, como sus panes r\u00fasticos elaborados con masa madre y sus\u00a0to\u00f1as (bollos tradicionales\u00a0de la zona alicantina\u00a0que se elaboran con leche y aceite de oliva y\u00a0que fermentan durante muchas horas). Hay otro factor m\u00e1s\u00a0desde 2013: las m\u00e1quinas de Cashlogy. \u201cMe las recomend\u00f3 Diakros, nestro proveedor de servicios TPV, e investigu\u00e9 por mi cuenta.<strong>\u00a0Cuando tuve toda la informaci\u00f3n, no lo dud\u00e9 y compr\u00e9 cuatro m\u00e1quinas de golpe, una para cada local\u201d.\u00a0<\/strong><\/p>\n<\/div><\/div>\n\n\n\n<hr class=\"wp-block-separator has-alpha-channel-opacity\"\/>\n\n\n\n<p class=\"has-text-align-center\" style=\"font-size:16px\">Su\u00a0experiencia no puede ser m\u00e1s positiva.\u00a0<strong>\u201cTenemos 17 vendedores, y supervisar a todos ellos\u00a0y\u00a0cuadrar cajas supon\u00eda mucha log\u00edstica<\/strong>.\u00a0Puedes tener un dependiente maravilloso, entregado, trabajador, encantador con los clientes\u2026 pero desastroso a la hora dar el cambio\u201d.\u00a0<strong>Con Cashlogy fulmin\u00f3\u00a0el problema ipso facto.<\/strong>\u00a0Ajustaban la recaudaci\u00f3n diaria\u00a0al c\u00e9ntimo. Y no solo eso:\u00a0adem\u00e1s, conoce en cada momento cu\u00e1nto efectivo dispone en ellas.<\/p>\n\n\n\n<hr class=\"wp-block-separator has-alpha-channel-opacity is-style-dots\"\/>\n\n\n<div class=\"wp-block-image\">\n<figure class=\"aligncenter size-large is-resized\"><img decoding=\"async\" loading=\"lazy\" src=\"https:\/\/cashlogyalicante.com\/wp-content\/uploads\/2023\/03\/image-1-1024x683.png\" alt=\"\" class=\"wp-image-639\" width=\"512\" height=\"342\" srcset=\"https:\/\/cashlogyalicante.com\/wp-content\/uploads\/2023\/03\/image-1-1024x683.png 1024w, https:\/\/cashlogyalicante.com\/wp-content\/uploads\/2023\/03\/image-1-300x200.png 300w, https:\/\/cashlogyalicante.com\/wp-content\/uploads\/2023\/03\/image-1-768x512.png 768w, https:\/\/cashlogyalicante.com\/wp-content\/uploads\/2023\/03\/image-1.png 1434w\" sizes=\"(max-width: 512px) 100vw, 512px\" \/><\/figure><\/div>\n\n\n<hr class=\"wp-block-separator has-alpha-channel-opacity is-style-dots\"\/>\n\n\n\n<p class=\"has-text-align-center\" style=\"font-size:16px\"><strong>As\u00ed que su apuesta (ganadora) supuso un antes y un despu\u00e9s en la gesti\u00f3n del d\u00eda a d\u00eda de sus panader\u00edas.<\/strong>&nbsp;Hasta el punto de que pudo estirar m\u00e1s sus d\u00edas de vacaciones porque pod\u00eda pasar m\u00e1s tiempo sin tener que supervisar la caja.<\/p>\n\n\n\n<p class=\"has-text-align-center\" style=\"font-size:16px\">Fue un cambio de rutina beneficioso&nbsp;que cost\u00f3 un poquito los primeros d\u00edas pero que le&nbsp;vali\u00f3 la pena.&nbsp;<strong>\u201cEs m\u00e1s seguro para todos: para&nbsp;los empleados, porque no se pueden equivocar, y para los clientes, porque siempre van a recibir el cambio correcto\u201d<\/strong>, asegura Gregori, cuyas m\u00e1quinas solo manejan los empleados. \u201cNo queremos que las utilicen los clientes para no cortar el v\u00ednculo emocional con ellos. Nos gusta dar un trato cercano\u201d, argumenta.<\/p>\n\n\n\n<p class=\"has-text-align-center\" style=\"font-size:16px\">Queda claro, pues, que Gregori est\u00e1 contento con Cashlogy. Pero ni se te ocurra preguntarle si volver\u00eda al antiguo sistema o si dejar\u00eda de utilizar estas m\u00e1quinas. Porque&nbsp; si lo haces, te responder\u00e1 con otra pregunta (ret\u00f3rica, por supuesto): \u201c\u00bfVerdad que t\u00fa no volver\u00edas a redactar nada&nbsp;con la m\u00e1quina de escribir?\u201d.<\/p>\n","protected":false},"excerpt":{"rendered":"<p>Horno Rafalet Gracias a Cashlogy pueden disfrutar de m\u00e1s d\u00edas de vacaciones Tiene cuatro panader\u00edas en Alicante ciudad bajo la misma ense\u00f1a: Horno\u00a0Rafelet.\u00a0Se trata de un\u00a0negocio familiar que abri\u00f3 en 1932. As\u00ed que tiene\u00a0experiencia de sobras\u00a0para saber lo que m\u00e1s conviene a sus establecimientos. Entre esas claves figuran\u00a0el buen\u00a0trato al cliente y\u00a0el producto artesano de [&hellip;]<\/p>\n","protected":false},"author":1,"featured_media":0,"parent":0,"menu_order":0,"comment_status":"closed","ping_status":"closed","template":"","meta":[],"_links":{"self":[{"href":"https:\/\/cashlogyalicante.com\/index.php?rest_route=\/wp\/v2\/pages\/637"}],"collection":[{"href":"https:\/\/cashlogyalicante.com\/index.php?rest_route=\/wp\/v2\/pages"}],"about":[{"href":"https:\/\/cashlogyalicante.com\/index.php?rest_route=\/wp\/v2\/types\/page"}],"author":[{"embeddable":true,"href":"https:\/\/cashlogyalicante.com\/index.php?rest_route=\/wp\/v2\/users\/1"}],"replies":[{"embeddable":true,"href":"https:\/\/cashlogyalicante.com\/index.php?rest_route=%2Fwp%2Fv2%2Fcomments&post=637"}],"version-history":[{"count":3,"href":"https:\/\/cashlogyalicante.com\/index.php?rest_route=\/wp\/v2\/pages\/637\/revisions"}],"predecessor-version":[{"id":644,"href":"https:\/\/cashlogyalicante.com\/index.php?rest_route=\/wp\/v2\/pages\/637\/revisions\/644"}],"wp:attachment":[{"href":"https:\/\/cashlogyalicante.com\/index.php?rest_route=%2Fwp%2Fv2%2Fmedia&parent=637"}],"curies":[{"name":"wp","href":"https:\/\/api.w.org\/{rel}","templated":true}]}}