{"id":633,"date":"2023-03-30T10:11:58","date_gmt":"2023-03-30T10:11:58","guid":{"rendered":"https:\/\/cashlogyalicante.com\/?page_id=633"},"modified":"2023-03-30T10:16:19","modified_gmt":"2023-03-30T10:16:19","slug":"restaurantes-la-fontana-y-posidonia","status":"publish","type":"page","link":"https:\/\/cashlogyalicante.com\/?page_id=633","title":{"rendered":"Restaurantes La Fontana y Posidonia"},"content":{"rendered":"\n<h1 class=\"has-text-align-center has-luminous-vivid-amber-color has-text-color\">Restaurantes La Fontana y Posidonia<\/h1>\n\n\n\n<hr class=\"wp-block-separator has-alpha-channel-opacity\"\/>\n\n\n\n<h2 class=\"has-text-align-center\">Javier Vives , vive sin preocupaciones, desc\u00fabrelo.<\/h2>\n\n\n\n<div class=\"wp-block-media-text alignwide is-stacked-on-mobile is-image-fill\"><figure class=\"wp-block-media-text__media\" style=\"background-image:url(https:\/\/cashlogyalicante.com\/wp-content\/uploads\/2023\/03\/La-Fontana-y-Posidonia-17-435x290-1.jpg);background-position:54% 51%\"><img decoding=\"async\" loading=\"lazy\" width=\"435\" height=\"290\" src=\"https:\/\/cashlogyalicante.com\/wp-content\/uploads\/2023\/03\/La-Fontana-y-Posidonia-17-435x290-1.jpg\" alt=\"\" class=\"wp-image-634 size-full\" srcset=\"https:\/\/cashlogyalicante.com\/wp-content\/uploads\/2023\/03\/La-Fontana-y-Posidonia-17-435x290-1.jpg 435w, https:\/\/cashlogyalicante.com\/wp-content\/uploads\/2023\/03\/La-Fontana-y-Posidonia-17-435x290-1-300x200.jpg 300w\" sizes=\"(max-width: 435px) 100vw, 435px\" \/><\/figure><div class=\"wp-block-media-text__content\">\n<p style=\"font-size:16px\">Javier Vives&nbsp;<strong>decidi\u00f3 apostar por Cashlogy<\/strong>&nbsp;en La Fontana y Posidonia, sus dos restaurantes en J\u00e1vea (Alicante), ubicados en primera l\u00ednea de mar, tras una mala experiencia con uno de sus empleados: se quedaba con parte de la recaudaci\u00f3n del d\u00eda. Los n\u00fameros no cuadraban.<\/p>\n\n\n\n<p style=\"font-size:16px\">Perd\u00eda dinero. As\u00ed que busc\u00f3 una soluci\u00f3n que result\u00f3 definitiva. Desde que tiene las dos m\u00e1quinas (una para cada establecimiento), que manejan los propios camareros, no ha perdido ni un c\u00e9ntimo.&nbsp;<strong>\u201cEso es mucho dinero al final del a\u00f1o. Y el ahorro respecto a tener una persona a sueldo para que est\u00e9 en la caja es enorme\u201d<\/strong>, valora.<\/p>\n<\/div><\/div>\n\n\n\n<hr class=\"wp-block-separator has-alpha-channel-opacity\"\/>\n\n\n\n<p class=\"has-text-align-center\" style=\"font-size:16px\"><strong>\u201cTodo cuadra al c\u00e9ntimo\u201d<\/strong>, subraya el empresario, tercera generaci\u00f3n del negocio que comenz\u00f3 en 1963 con La Fontana y que se ampli\u00f3 en 2016 con Posidonia. Suyo podr\u00eda ser el lema \u2018Adi\u00f3s preocupaciones\u2019.&nbsp;<strong>\u201cEs lo m\u00e1s importante de todo: la tranquilidad que te da saber que te puedes ir fuera un d\u00eda o una semana y que el dinero va a estar seguro\u201d<\/strong>, comenta Vives.<\/p>\n\n\n\n<hr class=\"wp-block-separator has-alpha-channel-opacity is-style-dots\"\/>\n\n\n<div class=\"wp-block-image\">\n<figure class=\"aligncenter is-resized\"><img decoding=\"async\" loading=\"lazy\" src=\"https:\/\/cashlogy.com\/wp-content\/uploads\/2019\/01\/La-Fontana-y-Posidonia-5.jpg\" alt=\"\" class=\"wp-image-7321\" width=\"717\" height=\"478\"\/><\/figure><\/div>\n\n\n<hr class=\"wp-block-separator has-alpha-channel-opacity is-style-dots\"\/>\n\n\n\n<p class=\"has-text-align-center\" style=\"font-size:16px\"><br>Pero una vez instal\u00f3 las dos m\u00e1quinas (ya ha pedido una m\u00e1s para La Fontana), descubri\u00f3 otras ventajas que no hab\u00eda contemplado antes. Por ejemplo,&nbsp;<strong>la facilidad de uso y su rapidez, algo<\/strong><br><strong>clave para sus dos negocios, que tienen clientes todo el a\u00f1o<\/strong>. En verano, turistas, y en invierno poblaci\u00f3n local que aprecia su comida tradicional (paellas, tapas, carnes y pescados). Hay movimiento continuo, de manera que necesitaba un dispositivo \u00e1gil y sencillo para cobrar a los comensales. \u201cCualquiera los puede manejar porque tienen un funcionamiento realmente f\u00e1cil, y su limpieza y mantenimiento tampoco supone ninguna dificultad\u201d.<br>\u201cAdem\u00e1s,&nbsp;<strong>no me ha fallado nunca, y eso no deja de sorprenderme<\/strong>\u201d. Vaya, que Vives est\u00e1 encantado. Y eso que solo quer\u00eda Cashlogy para no perder dinero\u2026<\/p>\n","protected":false},"excerpt":{"rendered":"<p>Restaurantes La Fontana y Posidonia Javier Vives , vive sin preocupaciones, desc\u00fabrelo. Javier Vives&nbsp;decidi\u00f3 apostar por Cashlogy&nbsp;en La Fontana y Posidonia, sus dos restaurantes en J\u00e1vea (Alicante), ubicados en primera l\u00ednea de mar, tras una mala experiencia con uno de sus empleados: se quedaba con parte de la recaudaci\u00f3n del d\u00eda. Los n\u00fameros no cuadraban. [&hellip;]<\/p>\n","protected":false},"author":1,"featured_media":0,"parent":0,"menu_order":0,"comment_status":"closed","ping_status":"closed","template":"","meta":[],"_links":{"self":[{"href":"https:\/\/cashlogyalicante.com\/index.php?rest_route=\/wp\/v2\/pages\/633"}],"collection":[{"href":"https:\/\/cashlogyalicante.com\/index.php?rest_route=\/wp\/v2\/pages"}],"about":[{"href":"https:\/\/cashlogyalicante.com\/index.php?rest_route=\/wp\/v2\/types\/page"}],"author":[{"embeddable":true,"href":"https:\/\/cashlogyalicante.com\/index.php?rest_route=\/wp\/v2\/users\/1"}],"replies":[{"embeddable":true,"href":"https:\/\/cashlogyalicante.com\/index.php?rest_route=%2Fwp%2Fv2%2Fcomments&post=633"}],"version-history":[{"count":1,"href":"https:\/\/cashlogyalicante.com\/index.php?rest_route=\/wp\/v2\/pages\/633\/revisions"}],"predecessor-version":[{"id":635,"href":"https:\/\/cashlogyalicante.com\/index.php?rest_route=\/wp\/v2\/pages\/633\/revisions\/635"}],"wp:attachment":[{"href":"https:\/\/cashlogyalicante.com\/index.php?rest_route=%2Fwp%2Fv2%2Fmedia&parent=633"}],"curies":[{"name":"wp","href":"https:\/\/api.w.org\/{rel}","templated":true}]}}