{"id":627,"date":"2023-03-30T10:05:44","date_gmt":"2023-03-30T10:05:44","guid":{"rendered":"https:\/\/cashlogyalicante.com\/?page_id=627"},"modified":"2023-03-30T10:06:48","modified_gmt":"2023-03-30T10:06:48","slug":"carns-fuster","status":"publish","type":"page","link":"https:\/\/cashlogyalicante.com\/?page_id=627","title":{"rendered":"Carns Fuster"},"content":{"rendered":"\n<h1 class=\"has-text-align-center has-luminous-vivid-amber-color has-text-color\">Carns Fuster<\/h1>\n\n\n\n<hr class=\"wp-block-separator has-alpha-channel-opacity\"\/>\n\n\n\n<h2 class=\"has-text-align-center\">Para Jos\u00e9 Fuster, lo m\u00e1s importante es, que garantiza la higiene.<\/h2>\n\n\n\n<div class=\"wp-block-media-text alignwide is-stacked-on-mobile is-image-fill\"><figure class=\"wp-block-media-text__media\" style=\"background-image:url(https:\/\/cashlogyalicante.com\/wp-content\/uploads\/2023\/03\/Carns-Fuster-22-435x290-1.jpg);background-position:54% 55%\"><img decoding=\"async\" loading=\"lazy\" width=\"435\" height=\"290\" src=\"https:\/\/cashlogyalicante.com\/wp-content\/uploads\/2023\/03\/Carns-Fuster-22-435x290-1.jpg\" alt=\"\" class=\"wp-image-629 size-full\" srcset=\"https:\/\/cashlogyalicante.com\/wp-content\/uploads\/2023\/03\/Carns-Fuster-22-435x290-1.jpg 435w, https:\/\/cashlogyalicante.com\/wp-content\/uploads\/2023\/03\/Carns-Fuster-22-435x290-1-300x200.jpg 300w\" sizes=\"(max-width: 435px) 100vw, 435px\" \/><\/figure><div class=\"wp-block-media-text__content\">\n<p style=\"font-size:16px\">Jos\u00e9 Fuster es un tipo inquieto. De los que van a las ferias de muestras a ver las \u00faltimas novedades t\u00e9cnicas para incorporarlas a su moderna carnicer\u00eda-charcuter\u00eda de Gand\u00eda, donde igual vende productos para el d\u00eda a d\u00eda que piezas para gourmets redomados (atenci\u00f3n a su apartado de conservas y vinos).<\/p>\n\n\n\n<p style=\"font-size:16px\"><strong>\u201cHace muchos a\u00f1os, vi una m\u00e1quina en Alemania, pero era demasiado grande para mi local\u201d<\/strong>, recuerda. Pero se qued\u00f3 con aquella idea de tener un aparato que le ayudara a cobrar a los clientes, hasta que un buen d\u00eda le recomendaron Cashlogy.<br>Y no tuvo dudas.<\/p>\n<\/div><\/div>\n\n\n\n<hr class=\"wp-block-separator has-alpha-channel-opacity\"\/>\n\n\n\n<p class=\"has-text-align-center\" style=\"font-size:15px\"><strong>\u201cAporta mucho<\/strong>. Primero,&nbsp;<strong>lo primordial para m\u00ed, es que garantiza la higiene<\/strong>. No est\u00e1 bien trabajar con la carne y a la vez ir cobrando\u201d, explica Fuster, que tambi\u00e9n sirve platos caseros preparados a trav\u00e9s de internet (cafuster.com). Por eso deja que sean los clientes los que paguen a trav\u00e9s de la m\u00e1quina. Y, oh sorpresa, son los m\u00e1s veteranos quienes mejor la han aceptado. \u201cLes divierte, les hace gracia y, cuando ven a alg\u00fan novato que no se aclara mucho, le ayudan. Porque es muy f\u00e1cil de usar. Cosa de ni\u00f1os\u201d, resume el empresario, que est\u00e1 encantado con otras virtudes de esta caja, como su rapidez.<\/p>\n\n\n\n<hr class=\"wp-block-separator has-alpha-channel-opacity is-style-dots\"\/>\n\n\n<div class=\"wp-block-image\">\n<figure class=\"aligncenter is-resized\"><img decoding=\"async\" loading=\"lazy\" src=\"https:\/\/cashlogy.com\/wp-content\/uploads\/2019\/01\/Carns-Fuster-12.jpg\" alt=\"\" class=\"wp-image-7394\" width=\"591\" height=\"394\"\/><\/figure><\/div>\n\n\n<hr class=\"wp-block-separator has-alpha-channel-opacity is-style-dots\"\/>\n\n\n\n<p class=\"has-text-align-center\" style=\"font-size:16px\"><strong>Y su fiabilidad. \u201cNo acepta billetes falsos<\/strong>, pero, sobre todo, te quitas la mochila que supon\u00eda tener un descuadre diario. Ya quisiera yo que todas las m\u00e1quinas que he comprado me quitaran tantos dolores de cabeza como esta, sobre todo porque el dinero es un tema tan peliagudo\u2026\u201d, asegura.<br>\u00bfAlg\u00fan problema en los casi tres a\u00f1os que lleva us\u00e1ndola? \u201cPor decir algo, cuando alguien pone un billete doblado puede atascarse, pero se soluciona en dos minutos. Se desmonta muy f\u00e1cilmente. De hecho, hay un v\u00eddeo tutorial que te ayuda a hacerlo\u201d.<br><strong>M\u00e1quinas que cobran solas, cajas que siempre cuadran, v\u00eddeos tutoriales\u2026<\/strong>&nbsp;Desde luego, los tiempos han cambiado. Sobre todo, para Fuster.<\/p>\n","protected":false},"excerpt":{"rendered":"<p>Carns Fuster Para Jos\u00e9 Fuster, lo m\u00e1s importante es, que garantiza la higiene. Jos\u00e9 Fuster es un tipo inquieto. De los que van a las ferias de muestras a ver las \u00faltimas novedades t\u00e9cnicas para incorporarlas a su moderna carnicer\u00eda-charcuter\u00eda de Gand\u00eda, donde igual vende productos para el d\u00eda a d\u00eda que piezas para gourmets [&hellip;]<\/p>\n","protected":false},"author":1,"featured_media":0,"parent":0,"menu_order":0,"comment_status":"closed","ping_status":"closed","template":"","meta":[],"_links":{"self":[{"href":"https:\/\/cashlogyalicante.com\/index.php?rest_route=\/wp\/v2\/pages\/627"}],"collection":[{"href":"https:\/\/cashlogyalicante.com\/index.php?rest_route=\/wp\/v2\/pages"}],"about":[{"href":"https:\/\/cashlogyalicante.com\/index.php?rest_route=\/wp\/v2\/types\/page"}],"author":[{"embeddable":true,"href":"https:\/\/cashlogyalicante.com\/index.php?rest_route=\/wp\/v2\/users\/1"}],"replies":[{"embeddable":true,"href":"https:\/\/cashlogyalicante.com\/index.php?rest_route=%2Fwp%2Fv2%2Fcomments&post=627"}],"version-history":[{"count":2,"href":"https:\/\/cashlogyalicante.com\/index.php?rest_route=\/wp\/v2\/pages\/627\/revisions"}],"predecessor-version":[{"id":632,"href":"https:\/\/cashlogyalicante.com\/index.php?rest_route=\/wp\/v2\/pages\/627\/revisions\/632"}],"wp:attachment":[{"href":"https:\/\/cashlogyalicante.com\/index.php?rest_route=%2Fwp%2Fv2%2Fmedia&parent=627"}],"curies":[{"name":"wp","href":"https:\/\/api.w.org\/{rel}","templated":true}]}}