{"id":620,"date":"2023-03-30T09:52:34","date_gmt":"2023-03-30T09:52:34","guid":{"rendered":"https:\/\/cashlogyalicante.com\/?page_id=620"},"modified":"2023-03-30T09:54:21","modified_gmt":"2023-03-30T09:54:21","slug":"pasteleria-confiteria-roses","status":"publish","type":"page","link":"https:\/\/cashlogyalicante.com\/?page_id=620","title":{"rendered":"Pasteler\u00eda Confiter\u00eda Roses"},"content":{"rendered":"\n<h1 class=\"has-text-align-center has-luminous-vivid-amber-color has-text-color\">Pasteler\u00eda Confiter\u00eda Roses<\/h1>\n\n\n\n<hr class=\"wp-block-separator has-alpha-channel-opacity\"\/>\n\n\n\n<h2 class=\"has-text-align-center\">\u00a1Pepe Roses ya tiene instalados 8 equipos Cashlogy!<\/h2>\n\n\n\n<div class=\"wp-block-media-text alignwide is-stacked-on-mobile is-image-fill\"><figure class=\"wp-block-media-text__media\" style=\"background-image:url(https:\/\/cashlogyalicante.com\/wp-content\/uploads\/2023\/03\/Pasteleria-Confiteria-Roses-43-435x290-1.jpg);background-position:40% 51%\"><img decoding=\"async\" loading=\"lazy\" width=\"435\" height=\"290\" src=\"https:\/\/cashlogyalicante.com\/wp-content\/uploads\/2023\/03\/Pasteleria-Confiteria-Roses-43-435x290-1.jpg\" alt=\"\" class=\"wp-image-621 size-full\" srcset=\"https:\/\/cashlogyalicante.com\/wp-content\/uploads\/2023\/03\/Pasteleria-Confiteria-Roses-43-435x290-1.jpg 435w, https:\/\/cashlogyalicante.com\/wp-content\/uploads\/2023\/03\/Pasteleria-Confiteria-Roses-43-435x290-1-300x200.jpg 300w\" sizes=\"(max-width: 435px) 100vw, 435px\" \/><\/figure><div class=\"wp-block-media-text__content\">\n<p style=\"font-size:16px\"><strong>Pepe Roses tiene las ideas muy claras.<\/strong>&nbsp;De ah\u00ed que el&nbsp;negocio que abrieron sus padres hace medio siglo&nbsp; en&nbsp; Murcia, Pasteler\u00eda&nbsp;Confiter\u00eda Roses, funcione tan bien hoy en d\u00eda&nbsp;y haya alcanzado ya los ocho locales, que bordan el pastel de carne que tanto gusta en la ciudad, adem\u00e1s de otras especialidades regionales.<\/p>\n\n\n\n<p style=\"font-size:16px\">\u201cLlevaba muchos a\u00f1os buscando&nbsp; una m\u00e1quina que fuera limpia, eficaz y r\u00e1pida\u201d, resume. Hasta que dio con ella. Se trataba de Cashlogy.<\/p>\n<\/div><\/div>\n\n\n\n<hr class=\"wp-block-separator has-alpha-channel-opacity\"\/>\n\n\n\n<p class=\"has-text-align-center\" style=\"font-size:16px\"><strong>La instal\u00f3 en 2015 en uno de sus establecimientos y r\u00e1pidamente vio que deb\u00eda ponerla en todos.<\/strong>&nbsp;\u201cAhora no me planteo abrir un local nuevo sin poner este caj\u00f3n autom\u00e1tico. Lo otro ya es anacr\u00f3nico\u201d. Argumentos tiene para convencer a propios y extra\u00f1os. De hecho, \u00e9l fue el primero que la instal\u00f3 en Murcia y sus recomendaciones han funcionado en el gremio. Pocos son los que no la tienen. \u201cMe dan las gracias por el consejo&nbsp;cuando me ven\u201d, sonr\u00ede Roses.<\/p>\n\n\n\n<hr class=\"wp-block-separator has-alpha-channel-opacity is-style-dots\"\/>\n\n\n<div class=\"wp-block-image\">\n<figure class=\"aligncenter is-resized\"><img decoding=\"async\" loading=\"lazy\" src=\"https:\/\/cashlogy.com\/wp-content\/uploads\/2019\/01\/Pasteler%C3%ADa-Confiter%C3%ADa-Roses-1.jpg\" alt=\"\" class=\"wp-image-7420\" width=\"693\" height=\"462\"\/><\/figure><\/div>\n\n\n<hr class=\"wp-block-separator has-alpha-channel-opacity is-style-dots\"\/>\n\n\n\n<p class=\"has-text-align-center\" style=\"font-size:16px\">Como ellos,&nbsp;<strong>considera&nbsp; que el hecho de que&nbsp; los dependientes no manejen el dinero es fundamental.<\/strong>&nbsp;No solo por posibles hurtos del propio personal, sino<br>por higiene.&nbsp;<strong>\u201cManipulan&nbsp; alimentos, as\u00ed que lo mejor es que no toquen&nbsp;billetes y monedas\u201d<\/strong>. Igual que ellos, valora que nunca haya un descuadre de caja. \u201cEso es una tranquilidad. Cashlogy nunca falla\u201d.<br>Y de la misma manera que&nbsp;sus colegas, Roses cree que su rapidez es un valor a\u00f1adido. Y eso que \u201cse arriesg\u00f3\u201d este 2018 a que&nbsp;la usaran los clientes de sus pasteler\u00edas.&nbsp;<strong>\u201cAl principio les chocaba un poco pero apenas ha habido rechazo. Lo cierto es que son muy sencillas.<\/strong>&nbsp;Adem\u00e1s,&nbsp; cuando hay momentos de mucha gente en los locales pongo a alguien para que ayude un poco si es necesario. Pero est\u00e1n m\u00e1s que adaptados a este tipo de pago.&nbsp;\u00a1Si es que hoy en d\u00eda vas a un parking y tienes que echarle monedas&nbsp;a una m\u00e1quina!\u201d.<\/p>\n","protected":false},"excerpt":{"rendered":"<p>Pasteler\u00eda Confiter\u00eda Roses \u00a1Pepe Roses ya tiene instalados 8 equipos Cashlogy! Pepe Roses tiene las ideas muy claras.&nbsp;De ah\u00ed que el&nbsp;negocio que abrieron sus padres hace medio siglo&nbsp; en&nbsp; Murcia, Pasteler\u00eda&nbsp;Confiter\u00eda Roses, funcione tan bien hoy en d\u00eda&nbsp;y haya alcanzado ya los ocho locales, que bordan el pastel de carne que tanto gusta en la [&hellip;]<\/p>\n","protected":false},"author":1,"featured_media":0,"parent":0,"menu_order":0,"comment_status":"closed","ping_status":"closed","template":"","meta":[],"_links":{"self":[{"href":"https:\/\/cashlogyalicante.com\/index.php?rest_route=\/wp\/v2\/pages\/620"}],"collection":[{"href":"https:\/\/cashlogyalicante.com\/index.php?rest_route=\/wp\/v2\/pages"}],"about":[{"href":"https:\/\/cashlogyalicante.com\/index.php?rest_route=\/wp\/v2\/types\/page"}],"author":[{"embeddable":true,"href":"https:\/\/cashlogyalicante.com\/index.php?rest_route=\/wp\/v2\/users\/1"}],"replies":[{"embeddable":true,"href":"https:\/\/cashlogyalicante.com\/index.php?rest_route=%2Fwp%2Fv2%2Fcomments&post=620"}],"version-history":[{"count":3,"href":"https:\/\/cashlogyalicante.com\/index.php?rest_route=\/wp\/v2\/pages\/620\/revisions"}],"predecessor-version":[{"id":625,"href":"https:\/\/cashlogyalicante.com\/index.php?rest_route=\/wp\/v2\/pages\/620\/revisions\/625"}],"wp:attachment":[{"href":"https:\/\/cashlogyalicante.com\/index.php?rest_route=%2Fwp%2Fv2%2Fmedia&parent=620"}],"curies":[{"name":"wp","href":"https:\/\/api.w.org\/{rel}","templated":true}]}}