{"id":614,"date":"2023-03-30T09:47:27","date_gmt":"2023-03-30T09:47:27","guid":{"rendered":"https:\/\/cashlogyalicante.com\/?page_id=614"},"modified":"2023-03-30T09:49:37","modified_gmt":"2023-03-30T09:49:37","slug":"panaderia-markus-bell","status":"publish","type":"page","link":"https:\/\/cashlogyalicante.com\/?page_id=614","title":{"rendered":"Panader\u00eda Markus Bell"},"content":{"rendered":"\n<h1 class=\"has-text-align-center has-luminous-vivid-amber-color has-text-color\">Panader\u00eda Markus Bell<\/h1>\n\n\n\n<hr class=\"wp-block-separator has-alpha-channel-opacity\"\/>\n\n\n\n<h2 class=\"has-text-align-center\">Para el Sr. Bell el aspecto higi\u00e9nico es determinante<\/h2>\n\n\n\n<div class=\"wp-block-media-text alignwide is-stacked-on-mobile\"><figure class=\"wp-block-media-text__media\"><img decoding=\"async\" loading=\"lazy\" width=\"435\" height=\"234\" src=\"https:\/\/cashlogyalicante.com\/wp-content\/uploads\/2023\/03\/exito-e1559226617368.png\" alt=\"\" class=\"wp-image-615 size-full\" srcset=\"https:\/\/cashlogyalicante.com\/wp-content\/uploads\/2023\/03\/exito-e1559226617368.png 435w, https:\/\/cashlogyalicante.com\/wp-content\/uploads\/2023\/03\/exito-e1559226617368-300x161.png 300w\" sizes=\"(max-width: 435px) 100vw, 435px\" \/><\/figure><div class=\"wp-block-media-text__content\">\n<p style=\"font-size:16px\"><strong>Markus Bell pertenece a la quinta generaci\u00f3n de panaderos de la familia Bell que en 1890 fund\u00f3 la cadena de panader\u00edaspasteler\u00edas B\u00e4ckerei Bell<\/strong>. Hoy, este joven empresario de 44 a\u00f1os dirige cuatro tiendas, una de las cuales se ubica en la cadena de supermercados ReWe, un \u201ccambio de modelo de negocio clave en la historia de nuestra familia\u201d.<\/p>\n<\/div><\/div>\n\n\n\n<hr class=\"wp-block-separator has-alpha-channel-opacity\"\/>\n\n\n\n<p style=\"font-size:16px\">En Schmidtheim, una peque\u00f1a localidad alemana situada a unos 60 km al suroeste de Bonn, el Sr. Bell nos atiende para hablar de su nuevo sistema de cobro Cashlogy, que adquiri\u00f3 en 2018. \u201cEn Alemania le llamamos cari\u00f1osamente \u201cUschi\u201d, nos cuenta orgulloso se\u00f1alando su Cashlogy que coloc\u00f3 alineada con el mostrador y \u201cqued\u00f3 perfecta\u201d.<\/p>\n\n\n\n<hr class=\"wp-block-separator has-alpha-channel-opacity is-style-dots\"\/>\n\n\n<div class=\"wp-block-image\">\n<figure class=\"aligncenter is-resized\"><img decoding=\"async\" loading=\"lazy\" src=\"https:\/\/cashlogy.com\/wp-content\/uploads\/2019\/05\/exito2.png\" alt=\"\" class=\"wp-image-8768\" width=\"365\" height=\"367\"\/><\/figure><\/div>\n\n\n<hr class=\"wp-block-separator has-alpha-channel-opacity is-style-dots\"\/>\n\n\n\n<p style=\"font-size:16px\">\u201cMe preocupaban los robos de caja, as\u00ed que empec\u00e9 a leer en la prensa especializada sobre sistemas de comercio seguro y a preguntar a mis colegas pasteleros\u201d, a\u00f1ade. A la hora de adquirirla \u201cel aspecto higi\u00e9nico fue determinante\u201d, un buen argumento teniendo en cuenta que sus empleados manipulan constantemente comida. Incluso sus compa\u00f1eras de tienda se unen a la valoraci\u00f3n: \u201cNuestra \u201cUshi\u201d nos ha ayudado principalmente con las se\u00f1oras mayores, que est\u00e1n contentas de no tener que preocuparse por el cambio\u201d. En efecto, en las pasteler\u00edas Bell m\u00e1s de un 90% de los clientes son \u201cde toda la vida\u201d y agradecen este tipo de innovaci\u00f3n. \u201cSon contados los clientes que muestran reticencia a utilizar la m\u00e1quina y hasta la fecha nadie se ha quejado\u201d, sostiene el panadero, feliz con su adquisici\u00f3n. \u201cLo mejor es que me acuesto todas las noches con la seguridad de que no he perdido dinero\u201d, concluye el pastelero.<\/p>\n","protected":false},"excerpt":{"rendered":"<p>Panader\u00eda Markus Bell Para el Sr. Bell el aspecto higi\u00e9nico es determinante Markus Bell pertenece a la quinta generaci\u00f3n de panaderos de la familia Bell que en 1890 fund\u00f3 la cadena de panader\u00edaspasteler\u00edas B\u00e4ckerei Bell. Hoy, este joven empresario de 44 a\u00f1os dirige cuatro tiendas, una de las cuales se ubica en la cadena de [&hellip;]<\/p>\n","protected":false},"author":1,"featured_media":0,"parent":0,"menu_order":0,"comment_status":"closed","ping_status":"closed","template":"","meta":[],"_links":{"self":[{"href":"https:\/\/cashlogyalicante.com\/index.php?rest_route=\/wp\/v2\/pages\/614"}],"collection":[{"href":"https:\/\/cashlogyalicante.com\/index.php?rest_route=\/wp\/v2\/pages"}],"about":[{"href":"https:\/\/cashlogyalicante.com\/index.php?rest_route=\/wp\/v2\/types\/page"}],"author":[{"embeddable":true,"href":"https:\/\/cashlogyalicante.com\/index.php?rest_route=\/wp\/v2\/users\/1"}],"replies":[{"embeddable":true,"href":"https:\/\/cashlogyalicante.com\/index.php?rest_route=%2Fwp%2Fv2%2Fcomments&post=614"}],"version-history":[{"count":2,"href":"https:\/\/cashlogyalicante.com\/index.php?rest_route=\/wp\/v2\/pages\/614\/revisions"}],"predecessor-version":[{"id":619,"href":"https:\/\/cashlogyalicante.com\/index.php?rest_route=\/wp\/v2\/pages\/614\/revisions\/619"}],"wp:attachment":[{"href":"https:\/\/cashlogyalicante.com\/index.php?rest_route=%2Fwp%2Fv2%2Fmedia&parent=614"}],"curies":[{"name":"wp","href":"https:\/\/api.w.org\/{rel}","templated":true}]}}