{"id":61,"date":"2023-03-22T11:08:33","date_gmt":"2023-03-22T11:08:33","guid":{"rendered":"https:\/\/cashlogyalicante.com\/?page_id=61"},"modified":"2023-04-26T10:38:34","modified_gmt":"2023-04-26T10:38:34","slug":"quienes-somos","status":"publish","type":"page","link":"https:\/\/cashlogyalicante.com\/?page_id=61","title":{"rendered":"Quienes somos"},"content":{"rendered":"\n<h2 class=\"has-text-align-center has-luminous-vivid-amber-color has-text-color\">GRUPO AZKOYEN<\/h2>\n\n\n\n<hr class=\"wp-block-separator has-alpha-channel-opacity\"\/>\n\n\n\n<div class=\"wp-block-media-text alignwide is-stacked-on-mobile\"><figure class=\"wp-block-media-text__media\"><img decoding=\"async\" loading=\"lazy\" width=\"560\" height=\"194\" src=\"https:\/\/cashlogyalicante.com\/wp-content\/uploads\/2023\/03\/quienes-somos-1.jpg\" alt=\"\" class=\"wp-image-398 size-full\" srcset=\"https:\/\/cashlogyalicante.com\/wp-content\/uploads\/2023\/03\/quienes-somos-1.jpg 560w, https:\/\/cashlogyalicante.com\/wp-content\/uploads\/2023\/03\/quienes-somos-1-300x104.jpg 300w\" sizes=\"(max-width: 560px) 100vw, 560px\" \/><\/figure><div class=\"wp-block-media-text__content\">\n<p>El Grupo Azkoyen es una compa\u00f1\u00eda multinacional con sede central en Navarra, Espa\u00f1a, y con centros de producci\u00f3n en distintos pa\u00edses, como Espa\u00f1a, Alemania, Inglaterra, Italia, Francia, B\u00e9lgica y Colombia, as\u00ed como 31 oficinas comerciales distribuidas en todo el mundo. Desde 1945, nos hemos dedicado al dise\u00f1o, fabricaci\u00f3n y venta de soluciones tecnol\u00f3gicas innovadoras para sistemas de vending, medios de pago y sistemas de seguridad y control de acceso.<\/p>\n\n\n\n<div class=\"is-layout-flex wp-block-buttons\">\n<div class=\"wp-block-button\"><a class=\"wp-block-button__link has-luminous-vivid-amber-color has-text-color wp-element-button\" href=\"https:\/\/www.azkoyen.com\/\">WEB DE AZKOYEN<\/a><\/div>\n<\/div>\n<\/div><\/div>\n\n\n\n<hr class=\"wp-block-separator has-alpha-channel-opacity\"\/>\n\n\n\n<div class=\"is-layout-flex wp-container-6 wp-block-columns alignfull are-vertically-aligned-center has-black-background-color has-text-color has-background\" style=\"color:#000000\">\n<div class=\"is-layout-flow wp-block-column is-vertically-aligned-center\">\n<h3 class=\"has-text-align-center has-luminous-vivid-amber-color has-text-color\" style=\"font-size:50px;line-height:1.3\">07<\/h3>\n\n\n\n<p class=\"has-text-align-center has-white-color has-text-color has-medium-font-size\">Centros productivos<\/p>\n<\/div>\n\n\n\n<div class=\"is-layout-flow wp-block-column is-vertically-aligned-center\">\n<h3 class=\"has-text-align-center has-luminous-vivid-amber-color has-text-color\" style=\"font-size:50px;line-height:1.3\">05<\/h3>\n\n\n\n<p class=\"has-text-align-center has-white-color has-text-color has-medium-font-size\">Continentes<\/p>\n<\/div>\n\n\n\n<div class=\"is-layout-flow wp-block-column is-vertically-aligned-center\">\n<h3 class=\"has-text-align-center has-luminous-vivid-amber-color has-text-color\" style=\"font-size:50px;line-height:1.3\">80<\/h3>\n\n\n\n<p class=\"has-text-align-center has-white-color has-text-color has-medium-font-size\">Pa\u00edses<\/p>\n<\/div>\n\n\n\n<div class=\"is-layout-flow wp-block-column is-vertically-aligned-center\">\n<h3 class=\"has-text-align-center has-luminous-vivid-amber-color has-text-color\" style=\"font-size:50px;line-height:1.3\">75<\/h3>\n\n\n\n<p class=\"has-text-align-center has-white-color has-text-color has-medium-font-size\">A\u00f1os<\/p>\n<\/div>\n<\/div>\n\n\n\n<hr class=\"wp-block-separator has-alpha-channel-opacity\"\/>\n\n\n\n<h2 class=\"has-text-align-center has-luminous-vivid-amber-color has-text-color\">CASHLOGY<\/h2>\n\n\n\n<p class=\"has-text-align-center\">Azkoyen Payment Technologies, la divisi\u00f3n l\u00edder en el sector europeo de medios de pago del Grupo Azkoyen, ha invertido hist\u00f3ricamente una parte importante de sus recursos en Marketing, Investigaci\u00f3n y Desarrollo para ofrecer soluciones innovadoras a sus clientes. En 2009, despu\u00e9s de estudios de mercado y entrevistas con propietarios del sector, detectaron una necesidad vital en los negocios y peque\u00f1os comercios que utilizaban mecanismos rudimentarios e inseguros para tratar y guardar el dinero recaudado. El compromiso de un equipo multidisciplinario, formado por expertos del sector, industria bancaria, empresas de software y clientes finales, permiti\u00f3 a Azkoyen dise\u00f1ar y fabricar un dispositivo inteligente de gesti\u00f3n del efectivo: Cashlogy, que proporciona un sistema completo para el tratamiento del efectivo en el punto de venta.<\/p>\n\n\n\n<hr class=\"wp-block-separator has-alpha-channel-opacity\"\/>\n\n\n\n<h2 class=\"has-text-align-center has-luminous-vivid-amber-color has-text-color\">L\u00edneas de negocio de Grupo Azkoyen<\/h2>\n\n\n\n<div class=\"is-layout-flex wp-container-10 wp-block-columns alignfull are-vertically-aligned-top has-black-background-color has-text-color has-background\" style=\"color:#000000\">\n<div class=\"is-layout-flow wp-block-column is-vertically-aligned-top\">\n<h5 class=\"has-text-align-center has-luminous-vivid-amber-color has-text-color\" style=\"font-size:15px;line-height:1.3\">Medios de pago<\/h5>\n\n\n\n<figure class=\"wp-block-image size-full\"><img decoding=\"async\" loading=\"lazy\" width=\"767\" height=\"400\" src=\"https:\/\/cashlogyalicante.com\/wp-content\/uploads\/2023\/03\/medios-pago.jpg\" alt=\"\" class=\"wp-image-410\" srcset=\"https:\/\/cashlogyalicante.com\/wp-content\/uploads\/2023\/03\/medios-pago.jpg 767w, https:\/\/cashlogyalicante.com\/wp-content\/uploads\/2023\/03\/medios-pago-300x156.jpg 300w\" sizes=\"(max-width: 767px) 100vw, 767px\" \/><\/figure>\n\n\n\n<p class=\"has-white-color has-text-color has-small-font-size\">Dise\u00f1o, fabricaci\u00f3n y comercializaci\u00f3n de mecanismos y sistemas de selecci\u00f3n, devoluci\u00f3n y control de medios de pago para los sectores de recreativo, vending, kioscos, banca, telefon\u00eda, retail, transporte y parking.<\/p>\n\n\n\n<p class=\"has-luminous-vivid-amber-color has-text-color has-small-font-size\"><a href=\"https:\/\/www.azkoyenpayment.com\/\" target=\"_blank\" rel=\"noreferrer noopener\">Azkoyen Payment Technologies<\/a><\/p>\n\n\n\n<p class=\"has-luminous-vivid-amber-color has-text-color has-small-font-size\"><a rel=\"noreferrer noopener\" href=\"https:\/\/cashlogyalicante.com\/\" target=\"_blank\">Cashlogy<\/a><\/p>\n\n\n\n<p class=\"has-luminous-vivid-amber-color has-text-color has-small-font-size\"><a href=\"https:\/\/www.coges.es\/\" target=\"_blank\" rel=\"noreferrer noopener\">Coges<\/a><\/p>\n<\/div>\n\n\n\n<div class=\"is-layout-flow wp-block-column is-vertically-aligned-top\">\n<h5 class=\"has-text-align-center has-luminous-vivid-amber-color has-text-color\" style=\"font-size:15px;line-height:1.3\">Sistemas de Vending<\/h5>\n\n\n\n<figure class=\"wp-block-image size-full\"><img decoding=\"async\" loading=\"lazy\" width=\"767\" height=\"400\" src=\"https:\/\/cashlogyalicante.com\/wp-content\/uploads\/2023\/03\/sistemas-vending.jpg\" alt=\"\" class=\"wp-image-411\" srcset=\"https:\/\/cashlogyalicante.com\/wp-content\/uploads\/2023\/03\/sistemas-vending.jpg 767w, https:\/\/cashlogyalicante.com\/wp-content\/uploads\/2023\/03\/sistemas-vending-300x156.jpg 300w\" sizes=\"(max-width: 767px) 100vw, 767px\" \/><\/figure>\n\n\n\n<p class=\"has-white-color has-text-color has-small-font-size\">Dise\u00f1o, fabricaci\u00f3n y comercializaci\u00f3n a nivel global de m\u00e1quinas expendedoras de tabaco, caf\u00e9 y otras bebidas calientes, bebidas fr\u00edas, snacks y otras soluciones vending.<\/p>\n\n\n\n<p class=\"has-luminous-vivid-amber-color has-text-color has-small-font-size\"><a href=\"https:\/\/azkoyenvending.com\/\" target=\"_blank\" rel=\"noreferrer noopener\">Azkoyen<\/a><\/p>\n\n\n\n<p class=\"has-luminous-vivid-amber-color has-text-color has-small-font-size\"><a href=\"https:\/\/coffetek.co.uk\/\" target=\"_blank\" rel=\"noreferrer noopener\">Coffetek<\/a><\/p>\n<\/div>\n\n\n\n<div class=\"is-layout-flow wp-block-column is-vertically-aligned-top\">\n<h5 class=\"has-text-align-center has-luminous-vivid-amber-color has-text-color\" style=\"font-size:15px;line-height:1.3\">Seguridad y Control de Acceso<\/h5>\n\n\n\n<figure class=\"wp-block-image size-full\"><img decoding=\"async\" loading=\"lazy\" width=\"767\" height=\"400\" src=\"https:\/\/cashlogyalicante.com\/wp-content\/uploads\/2023\/03\/sistemas-seguridad-control-acceso.jpg\" alt=\"\" class=\"wp-image-412\" srcset=\"https:\/\/cashlogyalicante.com\/wp-content\/uploads\/2023\/03\/sistemas-seguridad-control-acceso.jpg 767w, https:\/\/cashlogyalicante.com\/wp-content\/uploads\/2023\/03\/sistemas-seguridad-control-acceso-300x156.jpg 300w\" sizes=\"(max-width: 767px) 100vw, 767px\" \/><\/figure>\n\n\n\n<p class=\"has-white-color has-text-color has-small-font-size\">Fabricaci\u00f3n, comercializaci\u00f3n e implantaci\u00f3n de sistemas innovadores de software y hardware para el control de accesos, el control de presencia y sistemas integrados de seguridad.<\/p>\n\n\n\n<p class=\"has-luminous-vivid-amber-color has-text-color has-small-font-size\"><a href=\"https:\/\/www.primion-digitek.es\/\" target=\"_blank\" rel=\"noreferrer noopener\">Primion<\/a><\/p>\n\n\n\n<p class=\"has-luminous-vivid-amber-color has-text-color has-small-font-size\"><a href=\"https:\/\/www.get.be\/home\/\" target=\"_blank\" rel=\"noreferrer noopener\">Get<\/a><\/p>\n\n\n\n<p class=\"has-luminous-vivid-amber-color has-text-color has-small-font-size\"><a rel=\"noreferrer noopener\" href=\"https:\/\/www.primion-digitek.es\/\" data-type=\"URL\" data-id=\"https:\/\/www.primion-digitek.es\/\" target=\"_blank\">Digitek<\/a><\/p>\n<\/div>\n<\/div>\n","protected":false},"excerpt":{"rendered":"<p>GRUPO AZKOYEN 07 Centros productivos 05 Continentes 80 Pa\u00edses 75 A\u00f1os CASHLOGY Azkoyen Payment Technologies, la divisi\u00f3n l\u00edder en el sector europeo de medios de pago del Grupo Azkoyen, ha invertido hist\u00f3ricamente una parte importante de sus recursos en Marketing, Investigaci\u00f3n y Desarrollo para ofrecer soluciones innovadoras a sus clientes. En 2009, despu\u00e9s de estudios [&hellip;]<\/p>\n","protected":false},"author":1,"featured_media":0,"parent":0,"menu_order":0,"comment_status":"closed","ping_status":"closed","template":"template-fullwidth.php","meta":[],"_links":{"self":[{"href":"https:\/\/cashlogyalicante.com\/index.php?rest_route=\/wp\/v2\/pages\/61"}],"collection":[{"href":"https:\/\/cashlogyalicante.com\/index.php?rest_route=\/wp\/v2\/pages"}],"about":[{"href":"https:\/\/cashlogyalicante.com\/index.php?rest_route=\/wp\/v2\/types\/page"}],"author":[{"embeddable":true,"href":"https:\/\/cashlogyalicante.com\/index.php?rest_route=\/wp\/v2\/users\/1"}],"replies":[{"embeddable":true,"href":"https:\/\/cashlogyalicante.com\/index.php?rest_route=%2Fwp%2Fv2%2Fcomments&post=61"}],"version-history":[{"count":26,"href":"https:\/\/cashlogyalicante.com\/index.php?rest_route=\/wp\/v2\/pages\/61\/revisions"}],"predecessor-version":[{"id":719,"href":"https:\/\/cashlogyalicante.com\/index.php?rest_route=\/wp\/v2\/pages\/61\/revisions\/719"}],"wp:attachment":[{"href":"https:\/\/cashlogyalicante.com\/index.php?rest_route=%2Fwp%2Fv2%2Fmedia&parent=61"}],"curies":[{"name":"wp","href":"https:\/\/api.w.org\/{rel}","templated":true}]}}