{"id":603,"date":"2023-03-30T09:27:39","date_gmt":"2023-03-30T09:27:39","guid":{"rendered":"https:\/\/cashlogyalicante.com\/?page_id=603"},"modified":"2023-03-30T09:33:39","modified_gmt":"2023-03-30T09:33:39","slug":"salon-recreativo-humpty-dumpty","status":"publish","type":"page","link":"https:\/\/cashlogyalicante.com\/?page_id=603","title":{"rendered":"Salon recreativo Humpty Dumpty"},"content":{"rendered":"\n<h2 class=\"has-text-align-center has-luminous-vivid-amber-color has-text-color\">Sal\u00f3n recreativo Humpty Dumpty<\/h2>\n\n\n\n<hr class=\"wp-block-separator has-alpha-channel-opacity\"\/>\n\n\n\n<div class=\"wp-block-media-text alignwide is-stacked-on-mobile is-image-fill\"><figure class=\"wp-block-media-text__media\" style=\"background-image:url(https:\/\/cashlogyalicante.com\/wp-content\/uploads\/2023\/03\/D2X3591.jpg);background-position:50% 50%\"><img decoding=\"async\" loading=\"lazy\" width=\"1000\" height=\"664\" src=\"https:\/\/cashlogyalicante.com\/wp-content\/uploads\/2023\/03\/D2X3591.jpg\" alt=\"\" class=\"wp-image-604 size-full\" srcset=\"https:\/\/cashlogyalicante.com\/wp-content\/uploads\/2023\/03\/D2X3591.jpg 1000w, https:\/\/cashlogyalicante.com\/wp-content\/uploads\/2023\/03\/D2X3591-300x199.jpg 300w, https:\/\/cashlogyalicante.com\/wp-content\/uploads\/2023\/03\/D2X3591-768x510.jpg 768w\" sizes=\"(max-width: 1000px) 100vw, 1000px\" \/><\/figure><div class=\"wp-block-media-text__content\">\n<p style=\"font-size:16px\"><strong>Thomas Teis regenta un nov\u00edsimo sal\u00f3n de recreativos<\/strong>&nbsp;llamado Humpty Dumpty en el centro comercial Milaneo de Stuttgart<br>(Alemania). Rodeado de m\u00e1quinas tragaperras, mesas de pimp\u00f3n y videojuegos de comecocos, Teis nos explica el d\u00eda a<br>d\u00eda de su tienda con buen humor, a pesar de&nbsp;<strong>\u201clo fren\u00e9tico que puede llegar a ponerse el sal\u00f3n los s\u00e1bados por la tarde\u201d.<\/strong><\/p>\n\n\n\n<p style=\"font-size:16px\">Hace dos meses que el Sr. Teis (38) ha adquirido Cashlogy \u201cporque me lo sugiri\u00f3 un amigo\u201d. \u201cAl principio dud\u00e9,\u201d confiesa el gerente, \u201cporque pensaba que, si la m\u00e1quina era lenta, en horas punta se me acumular\u00eda la gente\u201d. Finalmente Teis visit\u00f3 la tienda de un compa\u00f1ero que ya dispon\u00eda de una Cashlogy y&nbsp;<strong>\u201ctras ver la velocidad con la que operaba, r\u00e1pidamente quise hacerme con una\u201d.<\/strong><\/p>\n<\/div><\/div>\n\n\n\n<hr class=\"wp-block-separator has-alpha-channel-opacity\"\/>\n\n\n<div class=\"wp-block-image\">\n<figure class=\"aligncenter size-full\"><img decoding=\"async\" loading=\"lazy\" width=\"1000\" height=\"664\" src=\"https:\/\/cashlogyalicante.com\/wp-content\/uploads\/2023\/03\/D2X3633.jpg\" alt=\"\" class=\"wp-image-608\" srcset=\"https:\/\/cashlogyalicante.com\/wp-content\/uploads\/2023\/03\/D2X3633.jpg 1000w, https:\/\/cashlogyalicante.com\/wp-content\/uploads\/2023\/03\/D2X3633-300x199.jpg 300w, https:\/\/cashlogyalicante.com\/wp-content\/uploads\/2023\/03\/D2X3633-768x510.jpg 768w\" sizes=\"(max-width: 1000px) 100vw, 1000px\" \/><\/figure><\/div>\n\n\n<p style=\"font-size:16px\">\u201cLo m\u00e1s me gusta es cerrar la caja pulsando solo un bot\u00f3n\u201d, cuenta el Sr. Teis sonriente, \u201cy, sobre todo, tener la seguridad de que no hay ning\u00fan error\u201d. Si bien&nbsp;<strong>Thomas Teis nunca tuvo problemas con diferencias de caja, ahora le<\/strong><strong>&nbsp;\u201ctranquiliza saber que el cierre siempre cuadra\u201d. Adem\u00e1s, \u201cla m\u00e1quina devuelve&nbsp;<\/strong><strong>el cambio m\u00e1s r\u00e1pido que cualquiera de&nbsp;<\/strong><strong>mis trabajadores\u201d<\/strong>.<\/p>\n\n\n\n<p style=\"font-size:16px\">\u201cLos clientes tambi\u00e9n reaccionan bien ante este sistema\u201d, contin\u00faa Thomas.&nbsp;<strong>\u201cAlgunos se sorprenden o se ponen nerviosos cuando la m\u00e1quina no les acepta los billetes\u201d, explica, \u201cpero, como en todo en la vida, basta con poner la<\/strong><br><strong>mejor de tus sonrisas y echarles una mano\u201d<\/strong>. De lo contrario, siempre puede compensarles con uno de sus deliciosos helados granizados, cuya selecci\u00f3n desabores (coca-cola, ar\u00e1ndano, fresa, cereza, grosella, melocot\u00f3n, fruta de la pasi\u00f3n, mango y capuchino) es la m\u00e1s variada de Stuttgart.<\/p>\n\n\n\n<p style=\"font-size:16px\">El Sr. Teis inaugur\u00f3 su sal\u00f3n recreativo en mayo de 2019 e integr\u00f3 el sistema inteligente de cobro Cashlogy en junio del mismo a\u00f1o.<\/p>\n\n\n\n<div class=\"is-content-justification-center is-layout-flex wp-container-1 wp-block-buttons\">\n<div class=\"wp-block-button\"><a class=\"wp-block-button__link wp-element-button\" href=\"https:\/\/cashlogyalicante.com\/?page_id=59\">CONTACTANOS<\/a><\/div>\n<\/div>\n","protected":false},"excerpt":{"rendered":"<p>Sal\u00f3n recreativo Humpty Dumpty Thomas Teis regenta un nov\u00edsimo sal\u00f3n de recreativos&nbsp;llamado Humpty Dumpty en el centro comercial Milaneo de Stuttgart(Alemania). Rodeado de m\u00e1quinas tragaperras, mesas de pimp\u00f3n y videojuegos de comecocos, Teis nos explica el d\u00eda ad\u00eda de su tienda con buen humor, a pesar de&nbsp;\u201clo fren\u00e9tico que puede llegar a ponerse el sal\u00f3n [&hellip;]<\/p>\n","protected":false},"author":1,"featured_media":0,"parent":0,"menu_order":0,"comment_status":"closed","ping_status":"closed","template":"","meta":[],"_links":{"self":[{"href":"https:\/\/cashlogyalicante.com\/index.php?rest_route=\/wp\/v2\/pages\/603"}],"collection":[{"href":"https:\/\/cashlogyalicante.com\/index.php?rest_route=\/wp\/v2\/pages"}],"about":[{"href":"https:\/\/cashlogyalicante.com\/index.php?rest_route=\/wp\/v2\/types\/page"}],"author":[{"embeddable":true,"href":"https:\/\/cashlogyalicante.com\/index.php?rest_route=\/wp\/v2\/users\/1"}],"replies":[{"embeddable":true,"href":"https:\/\/cashlogyalicante.com\/index.php?rest_route=%2Fwp%2Fv2%2Fcomments&post=603"}],"version-history":[{"count":5,"href":"https:\/\/cashlogyalicante.com\/index.php?rest_route=\/wp\/v2\/pages\/603\/revisions"}],"predecessor-version":[{"id":613,"href":"https:\/\/cashlogyalicante.com\/index.php?rest_route=\/wp\/v2\/pages\/603\/revisions\/613"}],"wp:attachment":[{"href":"https:\/\/cashlogyalicante.com\/index.php?rest_route=%2Fwp%2Fv2%2Fmedia&parent=603"}],"curies":[{"name":"wp","href":"https:\/\/api.w.org\/{rel}","templated":true}]}}