{"id":574,"date":"2023-03-29T10:15:10","date_gmt":"2023-03-29T10:15:10","guid":{"rendered":"https:\/\/cashlogyalicante.com\/?page_id=574"},"modified":"2023-03-29T10:25:22","modified_gmt":"2023-03-29T10:25:22","slug":"como-mejorar-la-contabilidad-de-una-empresa","status":"publish","type":"page","link":"https:\/\/cashlogyalicante.com\/?page_id=574","title":{"rendered":"C\u00f3mo mejorar la contabilidad de una empresa"},"content":{"rendered":"\n<h2 class=\"has-text-color\" style=\"color:#e9ae0c\">C\u00f3mo mejorar la contabilidad de una empresa<\/h2>\n\n\n\n<figure class=\"wp-block-image size-full\"><img decoding=\"async\" loading=\"lazy\" width=\"768\" height=\"310\" src=\"https:\/\/cashlogyalicante.com\/wp-content\/uploads\/2023\/03\/actualidad1.jpg\" alt=\"\" class=\"wp-image-222\" srcset=\"https:\/\/cashlogyalicante.com\/wp-content\/uploads\/2023\/03\/actualidad1.jpg 768w, https:\/\/cashlogyalicante.com\/wp-content\/uploads\/2023\/03\/actualidad1-300x121.jpg 300w\" sizes=\"(max-width: 768px) 100vw, 768px\" \/><\/figure>\n\n\n\n<p class=\"has-text-color\" style=\"color:#8b8b8b\">23 febrero, 2023 Categor\u00eda: Peque\u00f1o comercio<\/p>\n\n\n\n<p class=\"has-medium-font-size\">Llevar la contabilidad de tu empresa al d\u00eda es indispensable para saber el estado real de tu compa\u00f1\u00eda en vivo y en directo. Esto, que puede parecer una obviedad, es important\u00edsimo a la hora de tomar decisiones inteligentes que no hipotequen el futuro de tu negocio. Por eso a continuaci\u00f3n te contamos c\u00f3mo mejorar la contabilidad de una empresa para hacerla pasar de una obligaci\u00f3n a una de las herramientas m\u00e1s \u00fatiles que encontrar\u00e1s para hacer crecer a buen ritmo tu negocio sin poner en riesgo su estabilidad.<\/p>\n\n\n\n<hr class=\"wp-block-separator has-text-color has-luminous-vivid-amber-color has-alpha-channel-opacity has-luminous-vivid-amber-background-color has-background is-style-dots\"\/>\n\n\n\n<h3>\u00bfCu\u00e1l es la importancia de optimizar la contabilidad de una compa\u00f1\u00eda?<\/h3>\n\n\n\n<p class=\"has-small-font-size\">La contabilidad de una compa\u00f1\u00eda es un<strong>&nbsp;sistema de registro y control&nbsp;<\/strong>que debe reflejar la realidad por la que atraviesa una empresa en un determinado momento. Es el mejor m\u00e9todo para controlar los ingresos y los gastos, as\u00ed como de poder&nbsp;<strong>planificar c\u00f3mo ser\u00e1n los siguientes meses<\/strong>&nbsp;bas\u00e1ndonos en la predicci\u00f3n que podamos hacer en funci\u00f3n de estos par\u00e1metros.<\/p>\n\n\n\n<p class=\"has-small-font-size\"><strong>Toda decisi\u00f3n empresarial debe estar basada en la realidad econ\u00f3mica y financiera<\/strong>&nbsp;que se atraviesa. Lo que en un momento determinado puede convertirse en una oportunidad irrechazable, en otro puede suponer el fin de la actividad econ\u00f3mica debido a unos costes que no puedan afrontarse.<\/p>\n\n\n\n<p class=\"has-small-font-size\">Adem\u00e1s, llevar la contabilidad al d\u00eda es indispensable a la hora de&nbsp;<strong>conseguir pr\u00e9stamos y nuevos inversores<\/strong>, ya que ser\u00e1 lo primero que se nos solicite para poder determinar si constituimos una oportunidad o un riesgo.<\/p>\n\n\n\n<h3>5 estrategias y consejos para mejorar la contabilidad de una empresa<\/h3>\n\n\n\n<p class=\"has-small-font-size\">Tener claras las<strong>\u00a0ideas para mejorar la contabilidad de una empresa<\/strong>\u00a0es el primer paso para materializarlas. Por eso hemos reunido para ti las principales estrategias para mejorar la contabilidad de forma r\u00e1pida y sencilla.<\/p>\n\n\n\n<h3>Los ingresos deben quedar excelentemente registrados<\/h3>\n\n\n\n<p class=\"has-small-font-size\">Saber cu\u00e1nto dinero ingresa una empresa es clave para hacer unas previsiones realistas y ver si est\u00e1 fallando algo. Por eso resulta tan importante cuadrar las cajas al c\u00e9ntimo. Contar con&nbsp;&nbsp;<strong>soluciones de gesti\u00f3n de efectivo como las que te ofrece Cashlogy<\/strong>, disminuyen la posibilidad de de errores humanos tanto al contabilizar los ingresos como al dar los cambios a los clientes&nbsp;<strong>Hacer un estrecho seguimiento de los gastos<\/strong><\/p>\n\n\n\n<p class=\"has-small-font-size\">Tener localizado\u00a0<strong>en qu\u00e9 gastamos el dinero de la empresa<\/strong>\u00a0y hasta qu\u00e9 punto es necesario cada gasto, resulta vita. sobre todo en momentos delicados en los que hay que decidir qu\u00e9 gastos son prescindibles y\u00a0<strong>cu\u00e1les de ellos afectar\u00e1n de forma menos negativa al negocio en caso de tener que prescindir de ellos<\/strong>.<\/p>\n\n\n\n<h3>Llevar un buen control de beneficios<\/h3>\n\n\n\n<p class=\"has-cyan-bluish-gray-color has-text-color has-small-font-size\"><strong>Mejorar la contabilidad permite detectar si estamos vendiendo nuestros productos y servicios al precio indicado<\/strong>, ya que es posible que estamos trabajando bien pero no obtengamos los beneficios esperados. En caso de detectar esto, tendremos que calibrar la subida para obtener m\u00e1s beneficios por el mismo trabajo sin que ello afecte al volumen de ventas.<\/p>\n\n\n\n<p class=\"has-white-color has-text-color\"><\/p>\n\n\n\n<h3>Mantener un control estricto de las facturas sin cobrar<\/h3>\n\n\n\n<p class=\"has-small-font-size\">Uno de los mejores consejos a la hora de buscar c\u00f3mo mejorar la contabilidad de una empresa es atar en corto a los posibles deudores. Ya sea porque hemos pactado cobrar a 30 o a 60 d\u00edas, o simplemente porque un cliente est\u00e1 retrasando en los pagos, es necesario<strong>&nbsp;saber en todo momento cu\u00e1nto dinero falta por entrar en las arcas del negocio<\/strong>&nbsp;a ciencia cierta.<\/p>\n\n\n\n<p class=\"has-small-font-size\">Esto permite elaborar un plan de negocio con dinero que a\u00fan no tenemos, pero que tendremos. Adem\u00e1s,\u00a0<strong>incluir una fecha tope para el cobro de f23acturas<\/strong>\u00a0nos permitir\u00e1 iniciar cuanto antes los tr\u00e1mites necesarios para que el cliente materialice el pago.<\/p>\n\n\n\n<h3>Utilizar un software automatizado de gesti\u00f3n<\/h3>\n\n\n\n<p class=\"has-small-font-size\">Muchos empresarios comienzan&nbsp;<strong>llevando su contabilidad de forma manual, en libros f\u00edsicos o en Excel<\/strong>. Sin embargo, cualquier peque\u00f1o error u olvido a la hora de incluir un dato afectar\u00e1 a toda la contabilidad del negocio, que ya no mostrar\u00e1 informaci\u00f3n fiable y lo peor es que puede que tardemos una eternidad en descubrirlo, \u00a1si es que llegamos a hacerlo!<\/p>\n\n\n\n<p class=\"has-small-font-size\">Por eso, uno de los mejores consejos para mejorar la contabilidad de una empresa que podemos darte es que optes por&nbsp;<strong>contratar un software automatizado de gesti\u00f3n empresarial<\/strong>. Uno que te permita hacer y recibir tus facturas y que cree por s\u00ed mismo unos libros de contabilidad en constante actualizaci\u00f3n autom\u00e1tica que siempre reflejen la situaci\u00f3n econ\u00f3mica actual y correcta de tu negocio.<\/p>\n","protected":false},"excerpt":{"rendered":"<p>C\u00f3mo mejorar la contabilidad de una empresa 23 febrero, 2023 Categor\u00eda: Peque\u00f1o comercio Llevar la contabilidad de tu empresa al d\u00eda es indispensable para saber el estado real de tu compa\u00f1\u00eda en vivo y en directo. Esto, que puede parecer una obviedad, es important\u00edsimo a la hora de tomar decisiones inteligentes que no hipotequen el [&hellip;]<\/p>\n","protected":false},"author":1,"featured_media":0,"parent":0,"menu_order":0,"comment_status":"closed","ping_status":"closed","template":"","meta":[],"_links":{"self":[{"href":"https:\/\/cashlogyalicante.com\/index.php?rest_route=\/wp\/v2\/pages\/574"}],"collection":[{"href":"https:\/\/cashlogyalicante.com\/index.php?rest_route=\/wp\/v2\/pages"}],"about":[{"href":"https:\/\/cashlogyalicante.com\/index.php?rest_route=\/wp\/v2\/types\/page"}],"author":[{"embeddable":true,"href":"https:\/\/cashlogyalicante.com\/index.php?rest_route=\/wp\/v2\/users\/1"}],"replies":[{"embeddable":true,"href":"https:\/\/cashlogyalicante.com\/index.php?rest_route=%2Fwp%2Fv2%2Fcomments&post=574"}],"version-history":[{"count":14,"href":"https:\/\/cashlogyalicante.com\/index.php?rest_route=\/wp\/v2\/pages\/574\/revisions"}],"predecessor-version":[{"id":591,"href":"https:\/\/cashlogyalicante.com\/index.php?rest_route=\/wp\/v2\/pages\/574\/revisions\/591"}],"wp:attachment":[{"href":"https:\/\/cashlogyalicante.com\/index.php?rest_route=%2Fwp%2Fv2%2Fmedia&parent=574"}],"curies":[{"name":"wp","href":"https:\/\/api.w.org\/{rel}","templated":true}]}}