{"id":54,"date":"2023-03-22T11:02:11","date_gmt":"2023-03-22T11:02:11","guid":{"rendered":"https:\/\/cashlogyalicante.com\/?page_id=54"},"modified":"2023-04-26T09:49:08","modified_gmt":"2023-04-26T09:49:08","slug":"actualidad","status":"publish","type":"page","link":"https:\/\/cashlogyalicante.com\/?page_id=54","title":{"rendered":"Actualidad"},"content":{"rendered":"\n<h2 class=\"has-text-color\" style=\"color:#e9ae0c\">C\u00f3mo mejorar la contabilidad de una empresa<\/h2>\n\n\n\n<figure class=\"wp-block-image size-full\"><img decoding=\"async\" loading=\"lazy\" width=\"768\" height=\"310\" src=\"https:\/\/cashlogyalicante.com\/wp-content\/uploads\/2023\/03\/actualidad1.jpg\" alt=\"\" class=\"wp-image-222\" srcset=\"https:\/\/cashlogyalicante.com\/wp-content\/uploads\/2023\/03\/actualidad1.jpg 768w, https:\/\/cashlogyalicante.com\/wp-content\/uploads\/2023\/03\/actualidad1-300x121.jpg 300w\" sizes=\"(max-width: 768px) 100vw, 768px\" \/><\/figure>\n\n\n\n<p class=\"has-text-color\" style=\"color:#8b8b8b\">23 febrero, 2023 Categor\u00eda: Peque\u00f1o comercio<\/p>\n\n\n\n<p>Es fundamental mantener la contabilidad de tu empresa actualizada para conocer su verdadero estado en tiempo real. Aunque pueda parecer obvio, esto es crucial para tomar decisiones inteligentes que no comprometan el futuro de tu negocio. Por lo tanto, a continuaci\u00f3n te explicamos c\u00f3mo mejorar la contabilidad de tu empresa y convertirla de una obligaci\u00f3n en una herramienta \u00fatil para impulsar el crecimiento de tu negocio a un ritmo saludable sin poner en riesgo su estabilidad financiera.<\/p>\n\n\n\n<p class=\"has-text-align-left has-luminous-vivid-amber-color has-text-color has-small-font-size\"><a href=\"https:\/\/cashlogyalicante.com\/?page_id=574\">Ver noticia completa<\/a><\/p>\n\n\n\n<hr class=\"wp-block-separator has-alpha-channel-opacity\"\/>\n\n\n\n<h2 class=\"has-text-color\" style=\"color:#e9ae0c\">C\u00f3mo buscar un socio para un negocio<\/h2>\n\n\n\n<figure class=\"wp-block-image size-full\"><img decoding=\"async\" loading=\"lazy\" width=\"768\" height=\"310\" src=\"https:\/\/cashlogyalicante.com\/wp-content\/uploads\/2023\/03\/actualidad2.jpg\" alt=\"\" class=\"wp-image-242\" srcset=\"https:\/\/cashlogyalicante.com\/wp-content\/uploads\/2023\/03\/actualidad2.jpg 768w, https:\/\/cashlogyalicante.com\/wp-content\/uploads\/2023\/03\/actualidad2-300x121.jpg 300w\" sizes=\"(max-width: 768px) 100vw, 768px\" \/><\/figure>\n\n\n\n<p class=\"has-text-color\" style=\"color:#8b8b8b\">15 febrero, 2023 Categor\u00eda: Ferias y congresos<\/p>\n\n\n\n<p>Establecer y hacer crecer un negocio desde cero es un proceso laborioso y personal que puede resultar arriesgado confiar en alguien m\u00e1s. Sin embargo, en ciertas ocasiones, encontrar un socio comercial puede ser fundamental para alcanzar los objetivos establecidos.<\/p>\n\n\n\n<h2 class=\"has-text-color\" style=\"color:#e9ae0c\">Comprobar los billetes falsos es m\u00e1s f\u00e1cil que nunca<\/h2>\n\n\n\n<figure class=\"wp-block-image size-full\"><img decoding=\"async\" loading=\"lazy\" width=\"768\" height=\"310\" src=\"https:\/\/cashlogyalicante.com\/wp-content\/uploads\/2023\/03\/actualidad3.jpg\" alt=\"\" class=\"wp-image-246\" srcset=\"https:\/\/cashlogyalicante.com\/wp-content\/uploads\/2023\/03\/actualidad3.jpg 768w, https:\/\/cashlogyalicante.com\/wp-content\/uploads\/2023\/03\/actualidad3-300x121.jpg 300w\" sizes=\"(max-width: 768px) 100vw, 768px\" \/><\/figure>\n\n\n\n<p class=\"has-text-color\" style=\"color:#8b8b8b\">7 febrero, 2023 Categor\u00eda: Peque\u00f1o comercio<\/p>\n\n\n\n<p>Es crucial para el \u00e9xito de un negocio saber distinguir entre billetes aut\u00e9nticos y falsos. Actualmente, muchos comercios a\u00fan no saben c\u00f3mo verificar la autenticidad de los billetes falsificados, lo que puede ser problem\u00e1tico. Si alguien logra colocar un billete falso en un comercio, es probable que lo intente de nuevo en el futuro, lo que se traduce en p\u00e9rdidas econ\u00f3micas para el comerciante.<\/p>\n\n\n\n<hr class=\"wp-block-separator has-alpha-channel-opacity\"\/>\n\n\n\n<h2 class=\"has-text-color\" style=\"color:#e9ae0c\">Diferencias entre microempresa o empresa peque\u00f1a<\/h2>\n\n\n\n<figure class=\"wp-block-image size-full\"><img decoding=\"async\" loading=\"lazy\" width=\"768\" height=\"310\" src=\"https:\/\/cashlogyalicante.com\/wp-content\/uploads\/2023\/03\/actualidad4-1.jpg\" alt=\"\" class=\"wp-image-249\" srcset=\"https:\/\/cashlogyalicante.com\/wp-content\/uploads\/2023\/03\/actualidad4-1.jpg 768w, https:\/\/cashlogyalicante.com\/wp-content\/uploads\/2023\/03\/actualidad4-1-300x121.jpg 300w\" sizes=\"(max-width: 768px) 100vw, 768px\" \/><\/figure>\n\n\n\n<p class=\"has-text-color\" style=\"color:#8b8b8b\">31 enero, 2023 Categor\u00eda: Peque\u00f1o comercio<\/p>\n\n\n\n<p>A menudo usamos las palabras \u00abmicroempresa\u00bb y \u00abpeque\u00f1a empresa\u00bb como si fueran intercambiables, pero en realidad no lo son. Aunque las microempresas pueden considerarse un tipo de peque\u00f1a empresa, tienen caracter\u00edsticas distintivas que pueden llevar a diferentes beneficios.<\/p>\n\n\n\n<h2 class=\"has-text-color\" style=\"color:#e9ae0c\">Todo lo que debes saber sobre el nuevo sistema de cotizaci\u00f3n de aut\u00f3nomos<\/h2>\n\n\n\n<figure class=\"wp-block-image size-full\"><img decoding=\"async\" loading=\"lazy\" width=\"768\" height=\"310\" src=\"https:\/\/cashlogyalicante.com\/wp-content\/uploads\/2023\/03\/actualidad5.jpg\" alt=\"\" class=\"wp-image-251\" srcset=\"https:\/\/cashlogyalicante.com\/wp-content\/uploads\/2023\/03\/actualidad5.jpg 768w, https:\/\/cashlogyalicante.com\/wp-content\/uploads\/2023\/03\/actualidad5-300x121.jpg 300w\" sizes=\"(max-width: 768px) 100vw, 768px\" \/><\/figure>\n\n\n\n<p class=\"has-text-color\" style=\"color:#8b8b8b\">12 enero, 2023 Categor\u00eda: Otras noticias<\/p>\n\n\n\n<p>Con el inicio del nuevo a\u00f1o tambi\u00e9n se implement\u00f3 un sistema de cotizaci\u00f3n para aut\u00f3nomos renovado. Por ello, es importante conocer los aspectos clave de esta nueva modalidad y c\u00f3mo afecta a los trabajadores durante el 2023. Asimismo, es relevante tener en cuenta algunos detalles acerca de su evoluci\u00f3n en los pr\u00f3ximos a\u00f1os.<\/p>\n\n\n\n<hr class=\"wp-block-separator has-alpha-channel-opacity\"\/>\n\n\n\n<h2 class=\"has-text-color\" style=\"color:#e9ae0c\">Como conseguir el bienestar de los empleados<\/h2>\n\n\n\n<figure class=\"wp-block-image size-full\"><img decoding=\"async\" loading=\"lazy\" width=\"768\" height=\"310\" src=\"https:\/\/cashlogyalicante.com\/wp-content\/uploads\/2023\/03\/actualidad6.jpg\" alt=\"\" class=\"wp-image-252\" srcset=\"https:\/\/cashlogyalicante.com\/wp-content\/uploads\/2023\/03\/actualidad6.jpg 768w, https:\/\/cashlogyalicante.com\/wp-content\/uploads\/2023\/03\/actualidad6-300x121.jpg 300w\" sizes=\"(max-width: 768px) 100vw, 768px\" \/><\/figure>\n\n\n\n<p class=\"has-text-color\" style=\"color:#8b8b8b\">28 diciembre, 2022&nbsp;Categor\u00eda:&nbsp;Otras noticias<\/p>\n\n\n\n<p>En la actualidad, simplemente ofrecer un salario a cambio de un puesto de trabajo ya no es suficiente. Es crucial retener el talento para alcanzar los objetivos empresariales. Por esta raz\u00f3n, es importante enfocarse en mejorar el bienestar de los empleados para que se sientan felices y c\u00f3modos en la empresa, adem\u00e1s de recibir una remuneraci\u00f3n justa.<\/p>\n\n\n\n<hr class=\"wp-block-separator has-alpha-channel-opacity\"\/>\n\n\n\n<h2 class=\"has-text-color\" style=\"color:#e9ae0c\">\u00bfCu\u00e1les son los gastos profesionales de una empresa?<\/h2>\n\n\n\n<figure class=\"wp-block-image size-full\"><img decoding=\"async\" loading=\"lazy\" width=\"768\" height=\"310\" src=\"https:\/\/cashlogyalicante.com\/wp-content\/uploads\/2023\/03\/actualidad7.jpg\" alt=\"\" class=\"wp-image-254\" srcset=\"https:\/\/cashlogyalicante.com\/wp-content\/uploads\/2023\/03\/actualidad7.jpg 768w, https:\/\/cashlogyalicante.com\/wp-content\/uploads\/2023\/03\/actualidad7-300x121.jpg 300w\" sizes=\"(max-width: 768px) 100vw, 768px\" \/><\/figure>\n\n\n\n<p class=\"has-text-color\" style=\"color:#8b8b8b\">22 diciembre, 2022 Categor\u00eda: Peque\u00f1o comercio<\/p>\n\n\n\n<p>En este art\u00edculo, no nos referimos exclusivamente a los gastos que generan los empleados por cuenta ajena con ciertas actividades, sino que nos enfocaremos en los principales gastos que enfrenta una PYME. Veremos cu\u00e1l es la mejor manera de controlarlos para evitar que se conviertan en un obst\u00e1culo insalvable.<\/p>\n\n\n\n<hr class=\"wp-block-separator has-alpha-channel-opacity\"\/>\n\n\n\n<h2 class=\"has-text-color\" style=\"color:#e9ae0c\">Ideas y consejos para montar un negocio rentable en un pueblo<\/h2>\n\n\n\n<figure class=\"wp-block-image size-full\"><img decoding=\"async\" loading=\"lazy\" width=\"768\" height=\"310\" src=\"https:\/\/cashlogyalicante.com\/wp-content\/uploads\/2023\/03\/actualidad8.jpg\" alt=\"\" class=\"wp-image-257\" srcset=\"https:\/\/cashlogyalicante.com\/wp-content\/uploads\/2023\/03\/actualidad8.jpg 768w, https:\/\/cashlogyalicante.com\/wp-content\/uploads\/2023\/03\/actualidad8-300x121.jpg 300w\" sizes=\"(max-width: 768px) 100vw, 768px\" \/><\/figure>\n\n\n\n<p class=\"has-text-color\" style=\"color:#8b8b8b\">22 noviembre, 2022 Categor\u00eda: Comercio Alimentaci\u00f3n<\/p>\n\n\n\n<p>El aumento del teletrabajo y el regreso de j\u00f3venes capacitados a entornos rurales, donde la vida es m\u00e1s tranquila y econ\u00f3mica, ha llevado a muchos a cuestionarse cu\u00e1l es el tipo de negocio m\u00e1s rentable en una zona rural.<\/p>\n\n\n\n<hr class=\"wp-block-separator has-alpha-channel-opacity\"\/>\n\n\n\n<h2 class=\"has-text-color\" style=\"color:#e9ae0c\">\u00bfPuede el trabajo as\u00edncrono mejorar la vida de los trabajadores?<\/h2>\n\n\n\n<figure class=\"wp-block-image size-full\"><img decoding=\"async\" loading=\"lazy\" width=\"768\" height=\"310\" src=\"https:\/\/cashlogyalicante.com\/wp-content\/uploads\/2023\/03\/actualidad9.jpg\" alt=\"\" class=\"wp-image-259\" srcset=\"https:\/\/cashlogyalicante.com\/wp-content\/uploads\/2023\/03\/actualidad9.jpg 768w, https:\/\/cashlogyalicante.com\/wp-content\/uploads\/2023\/03\/actualidad9-300x121.jpg 300w\" sizes=\"(max-width: 768px) 100vw, 768px\" \/><\/figure>\n\n\n\n<p class=\"has-text-color\" style=\"color:#8b8b8b\">4 noviembre, 2022 Categor\u00eda: Hosteler\u00eda<\/p>\n\n\n\n<p>Con la llegada de las nuevas tecnolog\u00edas y la creaci\u00f3n de nuevos tipos de trabajos, hemos evolucionado de un modelo de trabajo sincr\u00f3nico, donde jefes y empleados deb\u00edan trabajar juntos en un espacio compartido, a un modelo as\u00edncrono en el que cada uno puede realizar sus tareas de manera independiente y en diferentes horarios.<\/p>\n\n\n\n<hr class=\"wp-block-separator has-alpha-channel-opacity\"\/>\n\n\n\n<h2 class=\"has-text-color\" style=\"color:#e9ae0c\">Descubre las ventajas de un TPV t\u00e1ctil para negocios<\/h2>\n\n\n\n<figure class=\"wp-block-image size-full\"><img decoding=\"async\" loading=\"lazy\" width=\"768\" height=\"310\" src=\"https:\/\/cashlogyalicante.com\/wp-content\/uploads\/2023\/03\/actualidad10.jpg\" alt=\"\" class=\"wp-image-260\" srcset=\"https:\/\/cashlogyalicante.com\/wp-content\/uploads\/2023\/03\/actualidad10.jpg 768w, https:\/\/cashlogyalicante.com\/wp-content\/uploads\/2023\/03\/actualidad10-300x121.jpg 300w\" sizes=\"(max-width: 768px) 100vw, 768px\" \/><\/figure>\n\n\n\n<p class=\"has-text-color\" style=\"color:#8b8b8b\">19 octubre, 2022 Categor\u00eda: Hosteler\u00eda, Peque\u00f1o comercio, Tecnolog\u00eda<\/p>\n\n\n\n<p>A menudo se confunde el t\u00e9rmino TPV con el dat\u00e1fono, que es el dispositivo utilizado para realizar pagos electr\u00f3nicos en tiendas y comercios. Sin embargo, un TPV t\u00e1ctil, que significa Terminal de Punto de Venta, es un concepto mucho m\u00e1s amplio que incluye el dat\u00e1fono y ofrece una amplia gama de ventajas para cualquier negocio. Es importante conocer las caracter\u00edsticas de un TPV, ya que puede ser de gran utilidad para mejorar el funcionamiento y la eficiencia de la empresa.<\/p>\n\n\n\n<hr class=\"wp-block-separator has-alpha-channel-opacity\"\/>\n","protected":false},"excerpt":{"rendered":"<p>C\u00f3mo mejorar la contabilidad de una empresa 23 febrero, 2023 Categor\u00eda: Peque\u00f1o comercio Es fundamental mantener la contabilidad de tu empresa actualizada para conocer su verdadero estado en tiempo real. Aunque pueda parecer obvio, esto es crucial para tomar decisiones inteligentes que no comprometan el futuro de tu negocio. Por lo tanto, a continuaci\u00f3n te [&hellip;]<\/p>\n","protected":false},"author":1,"featured_media":0,"parent":0,"menu_order":0,"comment_status":"closed","ping_status":"closed","template":"","meta":[],"_links":{"self":[{"href":"https:\/\/cashlogyalicante.com\/index.php?rest_route=\/wp\/v2\/pages\/54"}],"collection":[{"href":"https:\/\/cashlogyalicante.com\/index.php?rest_route=\/wp\/v2\/pages"}],"about":[{"href":"https:\/\/cashlogyalicante.com\/index.php?rest_route=\/wp\/v2\/types\/page"}],"author":[{"embeddable":true,"href":"https:\/\/cashlogyalicante.com\/index.php?rest_route=\/wp\/v2\/users\/1"}],"replies":[{"embeddable":true,"href":"https:\/\/cashlogyalicante.com\/index.php?rest_route=%2Fwp%2Fv2%2Fcomments&post=54"}],"version-history":[{"count":24,"href":"https:\/\/cashlogyalicante.com\/index.php?rest_route=\/wp\/v2\/pages\/54\/revisions"}],"predecessor-version":[{"id":712,"href":"https:\/\/cashlogyalicante.com\/index.php?rest_route=\/wp\/v2\/pages\/54\/revisions\/712"}],"wp:attachment":[{"href":"https:\/\/cashlogyalicante.com\/index.php?rest_route=%2Fwp%2Fv2%2Fmedia&parent=54"}],"curies":[{"name":"wp","href":"https:\/\/api.w.org\/{rel}","templated":true}]}}