{"id":514,"date":"2023-03-29T08:24:15","date_gmt":"2023-03-29T08:24:15","guid":{"rendered":"https:\/\/cashlogyalicante.com\/?page_id=514"},"modified":"2023-04-26T10:48:47","modified_gmt":"2023-04-26T10:48:47","slug":"horeca","status":"publish","type":"page","link":"https:\/\/cashlogyalicante.com\/?page_id=514","title":{"rendered":"Horeca"},"content":{"rendered":"\n<div class=\"wp-block-media-text alignwide is-stacked-on-mobile is-vertically-aligned-top is-image-fill\"><figure class=\"wp-block-media-text__media\" style=\"background-image:url(https:\/\/cashlogyalicante.com\/wp-content\/uploads\/2023\/03\/slide-horeca-movil.jpg);background-position:27% 46%\"><img decoding=\"async\" loading=\"lazy\" width=\"991\" height=\"550\" src=\"https:\/\/cashlogyalicante.com\/wp-content\/uploads\/2023\/03\/slide-horeca-movil.jpg\" alt=\"\" class=\"wp-image-544 size-full\" srcset=\"https:\/\/cashlogyalicante.com\/wp-content\/uploads\/2023\/03\/slide-horeca-movil.jpg 991w, https:\/\/cashlogyalicante.com\/wp-content\/uploads\/2023\/03\/slide-horeca-movil-300x166.jpg 300w, https:\/\/cashlogyalicante.com\/wp-content\/uploads\/2023\/03\/slide-horeca-movil-768x426.jpg 768w\" sizes=\"(max-width: 991px) 100vw, 991px\" \/><\/figure><div class=\"wp-block-media-text__content\">\n<p class=\"has-luminous-vivid-amber-color has-text-color has-large-font-size\"><strong>Local de copas<\/strong><\/p>\n\n\n\n<p class=\"has-text-color has-medium-font-size\" style=\"color:#545151\">Responsable<\/p>\n\n\n\n<hr class=\"wp-block-separator has-text-color has-luminous-vivid-amber-color has-alpha-channel-opacity has-luminous-vivid-amber-background-color has-background\"\/>\n\n\n\n<p class=\"has-medium-font-size\">\u00abGracias a Cashlogy, he logrado evitar descuadres de caja y ahorrar tiempo. Mis cuentas siempre est\u00e1n correctas y mi dinero est\u00e1 m\u00e1s seguro, evitando as\u00ed extrav\u00edos. Ahora me siento mucho m\u00e1s tranquila en mi negocio.\u00bb<\/p>\n\n\n\n<hr class=\"wp-block-separator has-text-color has-luminous-vivid-amber-color has-alpha-channel-opacity has-luminous-vivid-amber-background-color has-background\"\/>\n<\/div><\/div>\n\n\n\n<hr class=\"wp-block-separator has-alpha-channel-opacity is-style-dots\"\/>\n\n\n\n<div class=\"wp-block-media-text alignwide has-media-on-the-right is-stacked-on-mobile is-vertically-aligned-top is-image-fill\"><div class=\"wp-block-media-text__content\">\n<p class=\"has-luminous-vivid-amber-color has-text-color has-large-font-size\"><strong>HORECA<\/strong><\/p>\n\n\n\n<p>Con Cashlogy, es posible ofrecer una mayor flexibilidad en los turnos de trabajo. La p\u00e9rdida desconocida de efectivo puede suponer un gran costo para los due\u00f1os de peque\u00f1os negocios. Sin embargo, el uso de Cashlogy evita p\u00e9rdidas relacionadas con hurtos internos, errores de c\u00e1lculo y pagos con monedas y billetes fraudulentos. De esta manera, Cashlogy garantiza la tranquilidad al detectar tanto billetes como monedas falsificadas y minimizar el extrav\u00edo de dinero.<\/p>\n\n\n\n<p>Al implementar Cashlogy en tu establecimiento, conviertes el entorno en un lugar seguro y tus beneficios aumentar\u00e1n desde el primer d\u00eda en que cuadres la caja con datos reales.<\/p>\n\n\n\n<p><\/p>\n\n\n\n<p><\/p>\n<\/div><figure class=\"wp-block-media-text__media\" style=\"background-image:url(https:\/\/cashlogyalicante.com\/wp-content\/uploads\/2023\/03\/horeca-2.jpg);background-position:19% 49%\"><img decoding=\"async\" loading=\"lazy\" width=\"570\" height=\"380\" src=\"https:\/\/cashlogyalicante.com\/wp-content\/uploads\/2023\/03\/horeca-2.jpg\" alt=\"\" class=\"wp-image-549 size-full\" srcset=\"https:\/\/cashlogyalicante.com\/wp-content\/uploads\/2023\/03\/horeca-2.jpg 570w, https:\/\/cashlogyalicante.com\/wp-content\/uploads\/2023\/03\/horeca-2-300x200.jpg 300w\" sizes=\"(max-width: 570px) 100vw, 570px\" \/><\/figure><\/div>\n\n\n\n<hr class=\"wp-block-separator has-text-color has-alpha-channel-opacity has-background\" style=\"background-color:#414141;color:#414141\"\/>\n\n\n\n<div class=\"is-layout-flex wp-container-3 wp-block-columns\">\n<div class=\"is-layout-flow wp-block-column\">\n<h3 class=\"has-text-align-center\"><a href=\"https:\/\/cashlogyalicante.com\/?page_id=486\">PEQUE\u00d1O COMERCIO<\/a><\/h3>\n\n\n<div class=\"wp-block-image\">\n<figure class=\"aligncenter size-full is-resized\"><img decoding=\"async\" loading=\"lazy\" src=\"https:\/\/cashlogyalicante.com\/wp-content\/uploads\/2023\/03\/pequeno-comercio-2.jpg\" alt=\"\" class=\"wp-image-559\" width=\"406\" height=\"353\" srcset=\"https:\/\/cashlogyalicante.com\/wp-content\/uploads\/2023\/03\/pequeno-comercio-2.jpg 541w, https:\/\/cashlogyalicante.com\/wp-content\/uploads\/2023\/03\/pequeno-comercio-2-300x261.jpg 300w\" sizes=\"(max-width: 406px) 100vw, 406px\" \/><figcaption class=\"wp-element-caption\">Cashlogy te ayuda a cuadrar siempre tus cuentas<\/figcaption><\/figure><\/div><\/div>\n\n\n\n<div class=\"is-layout-flow wp-block-column\">\n<h3 class=\"has-text-align-center has-luminous-vivid-amber-color has-text-color\"><a href=\"https:\/\/cashlogyalicante.com\/?page_id=516\">COMERCIO DE ALIMENTACI\u00d3N<\/a><\/h3>\n\n\n<div class=\"wp-block-image\">\n<figure class=\"aligncenter size-full is-resized\"><img decoding=\"async\" loading=\"lazy\" src=\"https:\/\/cashlogyalicante.com\/wp-content\/uploads\/2023\/03\/comercio-alimentacion.jpg\" alt=\"\" class=\"wp-image-530\" width=\"406\" height=\"353\" srcset=\"https:\/\/cashlogyalicante.com\/wp-content\/uploads\/2023\/03\/comercio-alimentacion.jpg 541w, https:\/\/cashlogyalicante.com\/wp-content\/uploads\/2023\/03\/comercio-alimentacion-300x261.jpg 300w\" sizes=\"(max-width: 406px) 100vw, 406px\" \/><figcaption class=\"wp-element-caption\">Cashlogy mejora la imagen de higiene de tu negocio<\/figcaption><\/figure><\/div><\/div>\n<\/div>\n","protected":false},"excerpt":{"rendered":"<p>HORECA Con Cashlogy, es posible ofrecer una mayor flexibilidad en los turnos de trabajo. La p\u00e9rdida desconocida de efectivo puede suponer un gran costo para los due\u00f1os de peque\u00f1os negocios. Sin embargo, el uso de Cashlogy evita p\u00e9rdidas relacionadas con hurtos internos, errores de c\u00e1lculo y pagos con monedas y billetes fraudulentos. De esta manera, [&hellip;]<\/p>\n","protected":false},"author":1,"featured_media":0,"parent":0,"menu_order":0,"comment_status":"closed","ping_status":"closed","template":"","meta":[],"_links":{"self":[{"href":"https:\/\/cashlogyalicante.com\/index.php?rest_route=\/wp\/v2\/pages\/514"}],"collection":[{"href":"https:\/\/cashlogyalicante.com\/index.php?rest_route=\/wp\/v2\/pages"}],"about":[{"href":"https:\/\/cashlogyalicante.com\/index.php?rest_route=\/wp\/v2\/types\/page"}],"author":[{"embeddable":true,"href":"https:\/\/cashlogyalicante.com\/index.php?rest_route=\/wp\/v2\/users\/1"}],"replies":[{"embeddable":true,"href":"https:\/\/cashlogyalicante.com\/index.php?rest_route=%2Fwp%2Fv2%2Fcomments&post=514"}],"version-history":[{"count":11,"href":"https:\/\/cashlogyalicante.com\/index.php?rest_route=\/wp\/v2\/pages\/514\/revisions"}],"predecessor-version":[{"id":721,"href":"https:\/\/cashlogyalicante.com\/index.php?rest_route=\/wp\/v2\/pages\/514\/revisions\/721"}],"wp:attachment":[{"href":"https:\/\/cashlogyalicante.com\/index.php?rest_route=%2Fwp%2Fv2%2Fmedia&parent=514"}],"curies":[{"name":"wp","href":"https:\/\/api.w.org\/{rel}","templated":true}]}}